{"id":283,"date":"2025-12-09T10:53:22","date_gmt":"2025-12-09T10:53:22","guid":{"rendered":"https:\/\/franscan.com\/add-listing\/"},"modified":"2025-12-17T12:21:22","modified_gmt":"2025-12-17T12:21:22","slug":"add-listing","status":"publish","type":"page","link":"https:\/\/franscan.com\/pt\/add-listing\/","title":{"rendered":"Adicionar An\u00fancio"},"content":{"rendered":"<section class=\"directory_wrapper single_area\">\n                                <div class=\"notice_wrapper\">\n                <div class=\"directorist-alert directorist-alert-warning\"><i class=\"directorist-icon-mask\" aria-hidden=\"true\" style=\"--directorist-icon: url(https:\/\/franscan.com\/wp-content\/plugins\/directorist\/assets\/icons\/line-awesome\/svgs\/info-circle-solid.svg)\"><\/i> Tem de iniciar sess\u00e3o para visualizar o conte\u00fado desta p\u00e1gina. Pode iniciar sess\u00e3o\/inscrever-se <a href=\"#\" data-bs-toggle=\"modal\" data-bs-target=\"#theme-login-modal\">Aqui<\/a>.<\/div>\n            <\/div>\n                            <\/section>","protected":false},"excerpt":{"rendered":"","protected":false},"author":1,"featured_media":0,"parent":0,"menu_order":0,"comment_status":"closed","ping_status":"closed","template":"","meta":{"nf_dc_page":"","om_disable_all_campaigns":false,"footnotes":""},"class_list":["post-283","page","type-page","status-publish","hentry"],"yoast_head":"<!-- This site is optimized with the Yoast SEO plugin v27.4 - https:\/\/yoast.com\/product\/yoast-seo-wordpress\/ -->\n<title>Add Listing - FranScan<\/title>\n<meta name=\"robots\" content=\"index, follow, max-snippet:-1, max-image-preview:large, max-video-preview:-1\" \/>\n<link rel=\"canonical\" href=\"https:\/\/franscan.com\/pt\/add-listing\/\" \/>\n<meta property=\"og:locale\" content=\"pt_PT\" \/>\n<meta property=\"og:type\" content=\"article\" \/>\n<meta property=\"og:title\" content=\"Add Listing - FranScan\" \/>\n<meta property=\"og:url\" content=\"https:\/\/franscan.com\/pt\/add-listing\/\" \/>\n<meta property=\"og:site_name\" content=\"FranScan\" \/>\n<meta property=\"article:publisher\" content=\"https:\/\/www.facebook.com\/franscanglobal\" \/>\n<meta property=\"article:modified_time\" content=\"2025-12-17T12:21:22+00:00\" \/>\n<meta property=\"og:image\" content=\"https:\/\/i0.wp.com\/franscan.com\/wp-content\/uploads\/2025\/07\/FranScan-Logo-1-Black.png?fit=500%2C500&ssl=1\" \/>\n\t<meta property=\"og:image:width\" content=\"500\" \/>\n\t<meta property=\"og:image:height\" content=\"500\" \/>\n\t<meta property=\"og:image:type\" content=\"image\/png\" \/>\n<meta name=\"twitter:card\" content=\"summary_large_image\" \/>\n<script type=\"application\/ld+json\" class=\"yoast-schema-graph\">{\"@context\":\"https:\\\/\\\/schema.org\",\"@graph\":[{\"@type\":\"WebPage\",\"@id\":\"https:\\\/\\\/franscan.com\\\/add-listing\\\/\",\"url\":\"https:\\\/\\\/franscan.com\\\/add-listing\\\/\",\"name\":\"Add Listing - FranScan\",\"isPartOf\":{\"@id\":\"https:\\\/\\\/franscan.com\\\/#website\"},\"datePublished\":\"2025-12-09T10:53:22+00:00\",\"dateModified\":\"2025-12-17T12:21:22+00:00\",\"breadcrumb\":{\"@id\":\"https:\\\/\\\/franscan.com\\\/add-listing\\\/#breadcrumb\"},\"inLanguage\":\"pt-PT\",\"potentialAction\":[{\"@type\":\"ReadAction\",\"target\":[\"https:\\\/\\\/franscan.com\\\/add-listing\\\/\"]}]},{\"@type\":\"BreadcrumbList\",\"@id\":\"https:\\\/\\\/franscan.com\\\/add-listing\\\/#breadcrumb\",\"itemListElement\":[{\"@type\":\"ListItem\",\"position\":1,\"name\":\"Home\",\"item\":\"https:\\\/\\\/franscan.com\\\/\"},{\"@type\":\"ListItem\",\"position\":2,\"name\":\"Add Listing\"}]},{\"@type\":\"WebSite\",\"@id\":\"https:\\\/\\\/franscan.com\\\/#website\",\"url\":\"https:\\\/\\\/franscan.com\\\/\",\"name\":\"FranScan\",\"description\":\"Explore and compare top franchise business opportunities across Europe and the UK. Find the perfect franchise to grow your entrepreneurial journey with FranScan.\",\"publisher\":{\"@id\":\"https:\\\/\\\/franscan.com\\\/#organization\"},\"potentialAction\":[{\"@type\":\"SearchAction\",\"target\":{\"@type\":\"EntryPoint\",\"urlTemplate\":\"https:\\\/\\\/franscan.com\\\/?s={search_term_string}\"},\"query-input\":{\"@type\":\"PropertyValueSpecification\",\"valueRequired\":true,\"valueName\":\"search_term_string\"}}],\"inLanguage\":\"pt-PT\"},{\"@type\":\"Organization\",\"@id\":\"https:\\\/\\\/franscan.com\\\/#organization\",\"name\":\"FranScan\",\"url\":\"https:\\\/\\\/franscan.com\\\/\",\"logo\":{\"@type\":\"ImageObject\",\"inLanguage\":\"pt-PT\",\"@id\":\"https:\\\/\\\/franscan.com\\\/#\\\/schema\\\/logo\\\/image\\\/\",\"url\":\"https:\\\/\\\/i0.wp.com\\\/franscan.com\\\/wp-content\\\/uploads\\\/2025\\\/10\\\/FranScan-Logo-1-Black-edited.png?fit=500%2C281&ssl=1\",\"contentUrl\":\"https:\\\/\\\/i0.wp.com\\\/franscan.com\\\/wp-content\\\/uploads\\\/2025\\\/10\\\/FranScan-Logo-1-Black-edited.png?fit=500%2C281&ssl=1\",\"width\":500,\"height\":281,\"caption\":\"FranScan\"},\"image\":{\"@id\":\"https:\\\/\\\/franscan.com\\\/#\\\/schema\\\/logo\\\/image\\\/\"},\"sameAs\":[\"https:\\\/\\\/www.facebook.com\\\/franscanglobal\",\"https:\\\/\\\/www.linkedin.com\\\/company\\\/franscan\\\/\",\"https:\\\/\\\/www.instagram.com\\\/FranScanGlobal\\\/\"]}]}<\/script>\n<!-- \/ Yoast SEO plugin. -->","yoast_head_json":{"title":"Add Listing - FranScan","robots":{"index":"index","follow":"follow","max-snippet":"max-snippet:-1","max-image-preview":"max-image-preview:large","max-video-preview":"max-video-preview:-1"},"canonical":"https:\/\/franscan.com\/pt\/add-listing\/","og_locale":"pt_PT","og_type":"article","og_title":"Add Listing - FranScan","og_url":"https:\/\/franscan.com\/pt\/add-listing\/","og_site_name":"FranScan","article_publisher":"https:\/\/www.facebook.com\/franscanglobal","article_modified_time":"2025-12-17T12:21:22+00:00","og_image":[{"width":500,"height":500,"url":"https:\/\/i0.wp.com\/franscan.com\/wp-content\/uploads\/2025\/07\/FranScan-Logo-1-Black.png?fit=500%2C500&ssl=1","type":"image\/png"}],"twitter_card":"summary_large_image","schema":{"@context":"https:\/\/schema.org","@graph":[{"@type":"WebPage","@id":"https:\/\/franscan.com\/add-listing\/","url":"https:\/\/franscan.com\/add-listing\/","name":"Add Listing - FranScan","isPartOf":{"@id":"https:\/\/franscan.com\/#website"},"datePublished":"2025-12-09T10:53:22+00:00","dateModified":"2025-12-17T12:21:22+00:00","breadcrumb":{"@id":"https:\/\/franscan.com\/add-listing\/#breadcrumb"},"inLanguage":"pt-PT","potentialAction":[{"@type":"ReadAction","target":["https:\/\/franscan.com\/add-listing\/"]}]},{"@type":"BreadcrumbList","@id":"https:\/\/franscan.com\/add-listing\/#breadcrumb","itemListElement":[{"@type":"ListItem","position":1,"name":"Home","item":"https:\/\/franscan.com\/"},{"@type":"ListItem","position":2,"name":"Add Listing"}]},{"@type":"WebSite","@id":"https:\/\/franscan.com\/#website","url":"https:\/\/franscan.com\/","name":"FranScan","description":"Explore and compare top franchise business opportunities across Europe and the UK. Find the perfect franchise to grow your entrepreneurial journey with FranScan.","publisher":{"@id":"https:\/\/franscan.com\/#organization"},"potentialAction":[{"@type":"SearchAction","target":{"@type":"EntryPoint","urlTemplate":"https:\/\/franscan.com\/?s={search_term_string}"},"query-input":{"@type":"PropertyValueSpecification","valueRequired":true,"valueName":"search_term_string"}}],"inLanguage":"pt-PT"},{"@type":"Organization","@id":"https:\/\/franscan.com\/#organization","name":"FranScan","url":"https:\/\/franscan.com\/","logo":{"@type":"ImageObject","inLanguage":"pt-PT","@id":"https:\/\/franscan.com\/#\/schema\/logo\/image\/","url":"https:\/\/i0.wp.com\/franscan.com\/wp-content\/uploads\/2025\/10\/FranScan-Logo-1-Black-edited.png?fit=500%2C281&ssl=1","contentUrl":"https:\/\/i0.wp.com\/franscan.com\/wp-content\/uploads\/2025\/10\/FranScan-Logo-1-Black-edited.png?fit=500%2C281&ssl=1","width":500,"height":281,"caption":"FranScan"},"image":{"@id":"https:\/\/franscan.com\/#\/schema\/logo\/image\/"},"sameAs":["https:\/\/www.facebook.com\/franscanglobal","https:\/\/www.linkedin.com\/company\/franscan\/","https:\/\/www.instagram.com\/FranScanGlobal\/"]}]}},"jetpack_sharing_enabled":true,"_links":{"self":[{"href":"https:\/\/franscan.com\/pt\/wp-json\/wp\/v2\/pages\/283","targetHints":{"allow":["GET"]}}],"collection":[{"href":"https:\/\/franscan.com\/pt\/wp-json\/wp\/v2\/pages"}],"about":[{"href":"https:\/\/franscan.com\/pt\/wp-json\/wp\/v2\/types\/page"}],"author":[{"embeddable":true,"href":"https:\/\/franscan.com\/pt\/wp-json\/wp\/v2\/users\/1"}],"replies":[{"embeddable":true,"href":"https:\/\/franscan.com\/pt\/wp-json\/wp\/v2\/comments?post=283"}],"version-history":[{"count":1,"href":"https:\/\/franscan.com\/pt\/wp-json\/wp\/v2\/pages\/283\/revisions"}],"predecessor-version":[{"id":452,"href":"https:\/\/franscan.com\/pt\/wp-json\/wp\/v2\/pages\/283\/revisions\/452"}],"wp:attachment":[{"href":"https:\/\/franscan.com\/pt\/wp-json\/wp\/v2\/media?parent=283"}],"curies":[{"name":"wp","href":"https:\/\/api.w.org\/{rel}","templated":true}]}}