{"id":25,"date":"2025-11-06T09:39:01","date_gmt":"2025-11-06T09:39:01","guid":{"rendered":"https:\/\/lov.cxy.mybluehost.me\/website_5eb5ef21\/?page_id=25"},"modified":"2025-11-06T09:39:04","modified_gmt":"2025-11-06T09:39:04","slug":"terms-of-service","status":"publish","type":"page","link":"https:\/\/franscan.com\/pt\/terms-of-service\/","title":{"rendered":"Termos de Servi\u00e7o"},"content":{"rendered":"<h3 class=\"wp-block-heading\">Introdu\u00e7\u00e3o<\/h3>\n\n\n\n<p class=\"\">Bem-vindo \u00e0 FranScan.com. A FranScan (\u00abn\u00f3s\u00bb, \u00abnosso\u00bb ou \u00abnos\u00bb) disponibiliza uma plataforma em linha para pesquisar, comparar e analisar oportunidades de franquia.&nbsp;<\/p>\n\n\n\n<p class=\"\">Ao criar uma conta connosco, ou ao utilizar de outra forma os nossos websites, redes, aplica\u00e7\u00f5es m\u00f3veis ou outros servi\u00e7os ou conte\u00fados fornecidos por n\u00f3s (coletivamente, os \"Servi\u00e7os\"), concorda com estes Termos de Servi\u00e7o, o nosso Website&nbsp;<a href=\"https:\/\/franzy.com\/terms-of-use\">Termos de Uso<\/a>&nbsp;e a nossa&nbsp;<a href=\"https:\/\/franzy.com\/privacy-policy\">Pol\u00edtica de Privacidade<\/a>. Se n\u00e3o concordar com estes Termos, n\u00e3o poder\u00e1 usar ou tentar usar os Servi\u00e7os. . Se n\u00e3o concordar com estes Termos, n\u00e3o poder\u00e1 usar ou tentar usar os Servi\u00e7os.<\/p>\n\n\n\n<p class=\"\">Estes termos cont\u00eam uma disposi\u00e7\u00e3o de arbitragem vinculante. Por favor, leia-o com cuidado.<\/p>\n\n\n\n<h3 class=\"wp-block-heading\">Utiliza\u00e7\u00e3o dos Servi\u00e7os<\/h3>\n\n\n\n<h4 class=\"wp-block-heading\">Registo da conta<\/h4>\n\n\n\n<p class=\"\">Para aceder a determinadas funcionalidades do Site, poder\u00e1 ser necess\u00e1rio registar-se para uma conta. Concorda em fornecer informa\u00e7\u00f5es precisas, atuais e completas durante o processo de registo e em atualizar essas informa\u00e7\u00f5es para as manter precisas, atualizadas e completas. Tem de ter pelo menos 18 anos de idade para utilizar os Servi\u00e7os.<\/p>\n\n\n\n<h4 class=\"wp-block-heading\">Seguran\u00e7a da conta<\/h4>\n\n\n\n<p class=\"\">\u00c9 respons\u00e1vel por manter a confidencialidade da palavra-passe da sua conta e por todas as atividades que ocorram na sua conta. Concorda em notificar a FranScan imediatamente de qualquer utiliza\u00e7\u00e3o n\u00e3o autorizada da sua conta.<\/p>\n\n\n\n<h4 class=\"wp-block-heading\">Restri\u00e7\u00f5es de utiliza\u00e7\u00e3o<\/h4>\n\n\n\n<p class=\"\">Os potenciais franqueados devem limitar a utiliza\u00e7\u00e3o dos Servi\u00e7os e materiais fornecidos pela FranScan apenas \u00e0 tomada de decis\u00f5es internas. Os potenciais Franqueados n\u00e3o devem usar os Servi\u00e7os para se envolver em qualquer uma das \"Atividades Proibidas\" encontradas nos Termos de Uso do Site, ou outros atos que afetariam adversamente a FranScan ou os Servi\u00e7os. Reservamo-nos o direito de barrar qualquer atividade ou uso, ou barrar qualquer potencial franqueado a nosso exclusivo crit\u00e9rio.<\/p>\n\n\n\n<h3 class=\"wp-block-heading\">Informa\u00e7\u00f5es sobre a franquia<\/h3>\n\n\n\n<p class=\"\">Ao fornecer os Servi\u00e7os, damos aos potenciais franqueados a oportunidade de se envolverem com franqueadores. Tamb\u00e9m partilhamos informa\u00e7\u00f5es de potenciais franqueados com franqueadores.&nbsp;<\/p>\n\n\n\n<h4 class=\"wp-block-heading\">Exatid\u00e3o das informa\u00e7\u00f5es<\/h4>\n\n\n\n<p class=\"\">A FranScan obt\u00e9m suas informa\u00e7\u00f5es de Franchise Disclosure Documents (FDDs), fontes p\u00fablicas e diretamente de Franchise Brands. Embora nos esforcemos para fornecer informa\u00e7\u00f5es precisas e atualizadas fornecidas por essas fontes, n\u00e3o garantimos a integridade ou a precis\u00e3o de qualquer informa\u00e7\u00e3o no Site. As informa\u00e7\u00f5es fornecidas neste site s\u00e3o apenas para fins informativos e n\u00e3o constituem uma oferta para vender ou a solicita\u00e7\u00e3o de uma oferta para comprar uma franquia.&nbsp;<\/p>\n\n\n\n<h4 class=\"wp-block-heading\">Nenhuma Oferta de Franquia<\/h4>\n\n\n\n<p class=\"\">Qualquer oferta de franquia feita \u00e9 feita pela Marca Franquia atrav\u00e9s de um Documento de Divulga\u00e7\u00e3o de Franquia (FDD) registrado no pa\u00eds aplic\u00e1vel. Nem as informa\u00e7\u00f5es no Site nem os Servi\u00e7os constituem a oferta de uma franquia, independentemente de tal oferta ou solicita\u00e7\u00e3o ser considerada ou proibida por lei ou regulamento. Os potenciais franqueados s\u00e3o aconselhados a revisar o FDD e consultar consultores jur\u00eddicos e financeiros antes de tomar qualquer decis\u00e3o de investir em uma oportunidade de franquia. A FranScan n\u00e3o verifica as alega\u00e7\u00f5es feitas pela Franchise Brands, e os potenciais franqueados devem conduzir sua pr\u00f3pria due diligence. A FranScan n\u00e3o \u00e9 respons\u00e1vel pelo resultado dos compromissos entre um potencial franqueado e uma Marca de Franquia.<\/p>\n\n\n\n<h3 class=\"wp-block-heading\">Consultores e Conselheiros<\/h3>\n\n\n\n<h4 class=\"wp-block-heading\">N\u00e3o Ag\u00eancia<\/h4>\n\n\n\n<p class=\"\">Os Consultores da FranScan Franchise prestam aconselhamento e apoio na navega\u00e7\u00e3o no Site, mas n\u00e3o atuam como agentes da venda e n\u00e3o podem influenciar a decis\u00e3o de compra. O Site cont\u00e9m informa\u00e7\u00f5es p\u00fablicas que s\u00e3o fornecidas diretamente pelas Marcas de Franquia.<\/p>\n\n\n\n<h3 class=\"wp-block-heading\">Propriedade intelectual<\/h3>\n\n\n\n<h4 class=\"wp-block-heading\">Propriedade<\/h4>\n\n\n\n<p class=\"\">Todos os conte\u00fados, funcionalidades e funcionalidades do Site, incluindo texto, gr\u00e1ficos, log\u00f3tipos, imagens e software, s\u00e3o propriedade exclusiva da FranScan ou dos seus licenciantes e est\u00e3o protegidos por direitos de autor, marcas registadas, patentes, segredos comerciais e outras leis de propriedade intelectual.<\/p>\n\n\n\n<h4 class=\"wp-block-heading\">Restri\u00e7\u00f5es<\/h4>\n\n\n\n<p class=\"\">N\u00e3o pode copiar, modificar, distribuir, vender ou alugar qualquer parte do Site ou do seu conte\u00fado sem o consentimento pr\u00e9vio por escrito da FranScan.<\/p>\n\n\n\n<h3 class=\"wp-block-heading\">Declara\u00e7\u00e3o de exonera\u00e7\u00e3o de responsabilidade<\/h3>\n\n\n\n<p class=\"\">Os servi\u00e7os s\u00e3o prestados \u00abtal como se encontram\u00bb e \u00abtal como est\u00e3o dispon\u00edveis\u00bb e nenhum dos seus agentes, diretores, agentes, representantes, filiais, afiliados ou fornecedores de conte\u00fado ser\u00e1 respons\u00e1vel ou respons\u00e1vel em rela\u00e7\u00e3o aos servi\u00e7os. A FRANSCAN n\u00e3o faz quaisquer representa\u00e7\u00f5es e garantias, e \u00e0 extens\u00e3o mais completa permitida sob a lei aplic\u00e1vel, a FRANSCAN divulga especificamente todas e quaisquer garantias e representa\u00e7\u00f5es, expressas ou implementadas, incluindo as garantias de mercantilidade e adequa\u00e7\u00e3o para uma finalidade ou utiliza\u00e7\u00e3o espec\u00edfica (independentemente de a finalidade ou utiliza\u00e7\u00e3o ter sido divulgada), garantias de titulo e n\u00e3o-infra\u00e7\u00e3o, quaisquer obriga\u00e7\u00f5es de industria ou outras garantias que resultem da utiliza\u00e7\u00e3o ou do com\u00e9rcio, com rela\u00e7\u00e3o a qualquer aspecto do servi\u00e7o ou das informa\u00e7\u00f5es fornecidas.&nbsp;<\/p>\n\n\n\n<h3 class=\"wp-block-heading\">Limita\u00e7\u00e3o da responsabilidade<\/h3>\n\n\n\n<p class=\"\">Na m\u00e1xima extens\u00e3o permitida por lei, a FranScan n\u00e3o ser\u00e1 respons\u00e1vel por quaisquer danos indiretos, incidentais, especiais, consequenciais ou punitivos, ou qualquer perda de lucros ou receitas, incorridas direta ou indiretamente, ou qualquer perda de dados, uso, goodwill ou outras perdas intang\u00edveis, resultantes de:<\/p>\n\n\n\n<ul class=\"wp-block-list\">\n<li class=\"\">A sua utiliza\u00e7\u00e3o ou incapacidade de utilizar os Servi\u00e7os<\/li>\n\n\n\n<li class=\"\">Qualquer acesso n\u00e3o autorizado ou utiliza\u00e7\u00e3o dos Servi\u00e7os<\/li>\n\n\n\n<li class=\"\">Qualquer interrup\u00e7\u00e3o ou cessa\u00e7\u00e3o da transmiss\u00e3o de ou para os Servi\u00e7os<\/li>\n\n\n\n<li class=\"\">Quaisquer bugs, v\u00edrus, cavalos de Tr\u00f3ia ou semelhantes que possam ser transmitidos para ou atrav\u00e9s dos Servi\u00e7os por qualquer terceiro<\/li>\n\n\n\n<li class=\"\">Quaisquer erros ou omiss\u00f5es em qualquer conte\u00fado ou por qualquer perda ou dano incorrido como resultado do seu uso de qualquer conte\u00fado publicado, enviado, transmitido ou de outra forma disponibilizado atrav\u00e9s dos Servi\u00e7os<\/li>\n<\/ul>\n\n\n\n<h3 class=\"wp-block-heading\">Indemniza\u00e7\u00e3o e liberta\u00e7\u00e3o<\/h3>\n\n\n\n<p class=\"\">Concorda em indemnizar, defender e isentar a FranScan e os seus afiliados, funcion\u00e1rios, diretores, funcion\u00e1rios e agentes de e contra todas e quaisquer reclama\u00e7\u00f5es, responsabilidades, danos, perdas, custos, despesas ou honor\u00e1rios (incluindo honor\u00e1rios de advogados e custas judiciais razo\u00e1veis) que surjam de (a) a sua utiliza\u00e7\u00e3o ou acesso aos Servi\u00e7os em geral; (b) qualquer viola\u00e7\u00e3o destes Termos ou dos Termos de Uso do Site por voc\u00ea; (c) quaisquer bens ou servi\u00e7os adquiridos por si de acordo com os Servi\u00e7os; (d) ou qualquer reclama\u00e7\u00e3o relacionada com a sua rela\u00e7\u00e3o ou intera\u00e7\u00f5es com a Franchise Brands; ou (e) qualquer viola\u00e7\u00e3o de quaisquer direitos de outrem ou dano que possa ter causado a outrem. Teremos o controlo exclusivo da defesa de qualquer dano ou reclama\u00e7\u00e3o.&nbsp;<\/p>\n\n\n\n<p class=\"\">O utilizador \u00e9 o \u00fanico respons\u00e1vel pelas suas intera\u00e7\u00f5es com as Marcas de Franquia e outros utilizadores dos Servi\u00e7os. Na medida permitida pelas leis aplic\u00e1veis, o utilizador isenta-nos de todas e quaisquer reclama\u00e7\u00f5es ou responsabilidades relacionadas com qualquer produto ou servi\u00e7o de uma Marca de Franquia, qualquer a\u00e7\u00e3o ou ina\u00e7\u00e3o de uma Marca de Franquia, incluindo o seu incumprimento da lei aplic\u00e1vel ou obriga\u00e7\u00f5es para consigo, e qualquer conduta ou discurso, online ou offline, de qualquer outra parte.<\/p>\n\n\n\n<h3 class=\"wp-block-heading\">Os nossos direitos e vias de recurso<\/h3>\n\n\n\n<p class=\"\">Se violar estes Termos, as suas obriga\u00e7\u00f5es legais ou qualquer outro acordo connosco, podemos procurar qualquer solu\u00e7\u00e3o legal ou equitativa dispon\u00edvel, incluindo, mas n\u00e3o limitado a, danos diretos, consequentes e punitivos e medidas cautelares. Os nossos recursos s\u00e3o cumulativos e n\u00e3o exclusivos. A nossa falha em exercer qualquer recurso ou fazer cumprir qualquer parte destes Termos n\u00e3o deve funcionar como uma ren\u00fancia de qualquer recurso ou do direito de fazer cumprir qualquer parte dos Termos em qualquer momento posterior. Se qualquer disposi\u00e7\u00e3o destes Termos for considerada inexequ\u00edvel ou inv\u00e1lida, essa disposi\u00e7\u00e3o ser\u00e1 limitada ou eliminada na medida m\u00ednima necess\u00e1ria para que os Termos permane\u00e7am em pleno vigor e efeito e aplic\u00e1veis e voc\u00ea e n\u00f3s concordamos que tal tribunal deve incorporar uma disposi\u00e7\u00e3o semelhante que seria considerada v\u00e1lida, com todas as outras disposi\u00e7\u00f5es permanecendo v\u00e1lidas no Contrato. Estes Termos n\u00e3o s\u00e3o atribu\u00edveis, transfer\u00edveis ou sublicenci\u00e1veis por si, exceto com o nosso consentimento pr\u00e9vio por escrito. Podemos transferir, atribuir ou delegar os Termos e seus direitos e obriga\u00e7\u00f5es sem consentimento. Os utilizadores do Site e dos Servi\u00e7os s\u00e3o respons\u00e1veis pelo cumprimento de todos os regulamentos e leis aplic\u00e1veis. N\u00e3o existe uma rela\u00e7\u00e3o de joint venture, parceria, emprego ou ag\u00eancia entre si e n\u00f3s como resultado destes Termos ou da sua utiliza\u00e7\u00e3o dos Sites e Servi\u00e7os. Voc\u00ea reconhece e concorda que cada uma das Partes Liberadas ser\u00e1 um terceiro benefici\u00e1rio pretendido destes Termos.<\/p>\n\n\n\n<h3 class=\"wp-block-heading\">Lei aplic\u00e1vel\/resolu\u00e7\u00e3o de lit\u00edgios<\/h3>\n\n\n\n<p class=\"\">Este Acordo ser\u00e1 interpretado e aplicado de acordo com as leis de Delaware, sem respeito aos princ\u00edpios de conflitos de leis.&nbsp;<\/p>\n\n\n\n<p class=\"\">O presente contrato cont\u00e9m uma disposi\u00e7\u00e3o vinculativa em mat\u00e9ria de arbitragem. Por favor, leia atentamente.\u00a0Exceto conforme previsto abaixo, as partes tentar\u00e3o primeiro resolver informalmente qualquer disputa decorrente ou relacionada a este Contrato. Se as partes n\u00e3o puderem resolver a disputa, ela ser\u00e1 submetida a arbitragem vinculativa sob as regras vigentes da Associa\u00e7\u00e3o Americana de Arbitragem. A arbitragem ter\u00e1 lugar em Pontevedra, Espanha. A arbitragem ser\u00e1 em uma base individual e n\u00e3o consolidada com qualquer outro processo. A decis\u00e3o do(s) \u00e1rbitro(s) ser\u00e1 final e vinculativa para todas as partes.&nbsp;<\/p>\n\n\n\n<p class=\"\">N\u00e3o obstante este processo de Resolu\u00e7\u00e3o de Lit\u00edgios, qualquer das partes pode procurar uma medida inibit\u00f3ria em qualquer tribunal de jurisdi\u00e7\u00e3o competente sobre reivindica\u00e7\u00f5es equitativas para as quais um recurso adequado na lei n\u00e3o est\u00e1 dispon\u00edvel.<\/p>\n\n\n\n<p class=\"\">Tais reivindica\u00e7\u00f5es equitativas n\u00e3o s\u00e3o arbitrais nem est\u00e3o sujeitas \u00e0 determina\u00e7\u00e3o de arbitrabilidade de um \u00e1rbitro. Concorda que, independentemente de qualquer estatuto ou lei em contr\u00e1rio, qualquer reclama\u00e7\u00e3o ou causa de a\u00e7\u00e3o decorrente ou relacionada com a sua utiliza\u00e7\u00e3o do Site ou dos Servi\u00e7os deve ser apresentada no prazo de um (1) ano ap\u00f3s tal reclama\u00e7\u00e3o ou causa de a\u00e7\u00e3o ter surgido ou ser proibida para sempre.<\/p>\n\n\n\n<h3 class=\"wp-block-heading\">Altera\u00e7\u00f5es aos Termos<\/h3>\n\n\n\n<p class=\"\">A FranScan reserva-se o direito de modificar estes Termos a qualquer momento. Iremos notific\u00e1-lo de quaisquer altera\u00e7\u00f5es publicando os novos Termos no Site. O seu uso continuado do Site ap\u00f3s a publica\u00e7\u00e3o de altera\u00e7\u00f5es constitui a sua aceita\u00e7\u00e3o de tais altera\u00e7\u00f5es.<\/p>\n\n\n\n<h3 class=\"wp-block-heading\">Contacte-nos<\/h3>\n\n\n\n<p class=\"\">Se tiver alguma d\u00favida sobre estes Termos, por favor contacte-nos em support@franscan.com.<\/p>\n\n\n\n<p class=\"\">Ao utilizar FranScan.com, reconhece que leu, compreendeu e concordou em ficar vinculado por estes Termos de Servi\u00e7o.<\/p>\n\n\n\n<p class=\"\"><\/p>","protected":false},"excerpt":{"rendered":"<p>Introdu\u00e7\u00e3o Bem-vindo \u00e0 FranScan.com. A FranScan (\u00abn\u00f3s\u00bb, \u00abnosso\/nosso\/nosso\/nosso\/nosso\/nosso\/nosso\/nosso\/nosso\/nosso\/nosso\/nosso\/nosso\/nosso\/nosso\/nosso\/nosso\/nosso\/nosso\/nosso\/nosso\/nosso\/nosso\/nosso\/nosso\/nosso\/\u00a0 Ao criar uma conta connosco, ou ao utilizar de outra forma os nossos websites, redes, aplica\u00e7\u00f5es m\u00f3veis ou outros servi\u00e7os ou conte\u00fados fornecidos por n\u00f3s (coletivamente, os \"Servi\u00e7os\"), concorda com estes Termos de Servi\u00e7o, [...]<\/p>","protected":false},"author":1,"featured_media":0,"parent":0,"menu_order":0,"comment_status":"closed","ping_status":"closed","template":"","meta":{"nf_dc_page":"","om_disable_all_campaigns":false,"footnotes":""},"class_list":["post-25","page","type-page","status-publish","hentry"],"yoast_head":"<!-- This site is optimized with the Yoast SEO plugin v27.4 - https:\/\/yoast.com\/product\/yoast-seo-wordpress\/ -->\n<title>Terms of Service - FranScan<\/title>\n<meta name=\"robots\" content=\"index, follow, max-snippet:-1, max-image-preview:large, max-video-preview:-1\" \/>\n<link rel=\"canonical\" href=\"https:\/\/franscan.com\/pt\/terms-of-service\/\" \/>\n<meta property=\"og:locale\" content=\"pt_PT\" \/>\n<meta property=\"og:type\" content=\"article\" \/>\n<meta property=\"og:title\" content=\"Terms of Service - FranScan\" \/>\n<meta property=\"og:description\" content=\"Introduction Welcome to FranScan.com. FranScan (&#8220;we,&#8221; &#8220;our,&#8221; or &#8220;us&#8221;) provides an online platform for you to research, compare, and analyze franchise opportunities.&nbsp; By creating an account with us, or by otherwise using our websites, networks, mobile applications, or other services or content provided by us (collectively, the \u201cServices\u201d), you agree to these Terms of Service, [&hellip;]\" \/>\n<meta property=\"og:url\" content=\"https:\/\/franscan.com\/pt\/terms-of-service\/\" \/>\n<meta property=\"og:site_name\" content=\"FranScan\" \/>\n<meta property=\"article:publisher\" content=\"https:\/\/www.facebook.com\/franscanglobal\" \/>\n<meta property=\"article:modified_time\" content=\"2025-11-06T09:39:04+00:00\" \/>\n<meta property=\"og:image\" content=\"https:\/\/i0.wp.com\/franscan.com\/wp-content\/uploads\/2025\/07\/FranScan-Logo-1-Black.png?fit=500%2C500&ssl=1\" \/>\n\t<meta property=\"og:image:width\" content=\"500\" \/>\n\t<meta property=\"og:image:height\" content=\"500\" \/>\n\t<meta property=\"og:image:type\" content=\"image\/png\" \/>\n<meta name=\"twitter:card\" content=\"summary_large_image\" \/>\n<meta name=\"twitter:label1\" content=\"Tempo estimado de leitura\" \/>\n\t<meta name=\"twitter:data1\" content=\"7 minutos\" \/>\n<script type=\"application\/ld+json\" class=\"yoast-schema-graph\">{\"@context\":\"https:\\\/\\\/schema.org\",\"@graph\":[{\"@type\":\"WebPage\",\"@id\":\"https:\\\/\\\/franscan.com\\\/terms-of-service\\\/\",\"url\":\"https:\\\/\\\/franscan.com\\\/terms-of-service\\\/\",\"name\":\"Terms of Service - FranScan\",\"isPartOf\":{\"@id\":\"https:\\\/\\\/franscan.com\\\/#website\"},\"datePublished\":\"2025-11-06T09:39:01+00:00\",\"dateModified\":\"2025-11-06T09:39:04+00:00\",\"breadcrumb\":{\"@id\":\"https:\\\/\\\/franscan.com\\\/terms-of-service\\\/#breadcrumb\"},\"inLanguage\":\"pt-PT\",\"potentialAction\":[{\"@type\":\"ReadAction\",\"target\":[\"https:\\\/\\\/franscan.com\\\/terms-of-service\\\/\"]}]},{\"@type\":\"BreadcrumbList\",\"@id\":\"https:\\\/\\\/franscan.com\\\/terms-of-service\\\/#breadcrumb\",\"itemListElement\":[{\"@type\":\"ListItem\",\"position\":1,\"name\":\"Home\",\"item\":\"https:\\\/\\\/franscan.com\\\/\"},{\"@type\":\"ListItem\",\"position\":2,\"name\":\"Terms of Service\"}]},{\"@type\":\"WebSite\",\"@id\":\"https:\\\/\\\/franscan.com\\\/#website\",\"url\":\"https:\\\/\\\/franscan.com\\\/\",\"name\":\"FranScan\",\"description\":\"Explore and compare top franchise business opportunities across Europe and the UK. Find the perfect franchise to grow your entrepreneurial journey with FranScan.\",\"publisher\":{\"@id\":\"https:\\\/\\\/franscan.com\\\/#organization\"},\"potentialAction\":[{\"@type\":\"SearchAction\",\"target\":{\"@type\":\"EntryPoint\",\"urlTemplate\":\"https:\\\/\\\/franscan.com\\\/?s={search_term_string}\"},\"query-input\":{\"@type\":\"PropertyValueSpecification\",\"valueRequired\":true,\"valueName\":\"search_term_string\"}}],\"inLanguage\":\"pt-PT\"},{\"@type\":\"Organization\",\"@id\":\"https:\\\/\\\/franscan.com\\\/#organization\",\"name\":\"FranScan\",\"url\":\"https:\\\/\\\/franscan.com\\\/\",\"logo\":{\"@type\":\"ImageObject\",\"inLanguage\":\"pt-PT\",\"@id\":\"https:\\\/\\\/franscan.com\\\/#\\\/schema\\\/logo\\\/image\\\/\",\"url\":\"https:\\\/\\\/i0.wp.com\\\/franscan.com\\\/wp-content\\\/uploads\\\/2025\\\/10\\\/FranScan-Logo-1-Black-edited.png?fit=500%2C281&ssl=1\",\"contentUrl\":\"https:\\\/\\\/i0.wp.com\\\/franscan.com\\\/wp-content\\\/uploads\\\/2025\\\/10\\\/FranScan-Logo-1-Black-edited.png?fit=500%2C281&ssl=1\",\"width\":500,\"height\":281,\"caption\":\"FranScan\"},\"image\":{\"@id\":\"https:\\\/\\\/franscan.com\\\/#\\\/schema\\\/logo\\\/image\\\/\"},\"sameAs\":[\"https:\\\/\\\/www.facebook.com\\\/franscanglobal\",\"https:\\\/\\\/www.linkedin.com\\\/company\\\/franscan\\\/\",\"https:\\\/\\\/www.instagram.com\\\/FranScanGlobal\\\/\"]}]}<\/script>\n<!-- \/ Yoast SEO plugin. -->","yoast_head_json":{"title":"Terms of Service - FranScan","robots":{"index":"index","follow":"follow","max-snippet":"max-snippet:-1","max-image-preview":"max-image-preview:large","max-video-preview":"max-video-preview:-1"},"canonical":"https:\/\/franscan.com\/pt\/terms-of-service\/","og_locale":"pt_PT","og_type":"article","og_title":"Terms of Service - FranScan","og_description":"Introduction Welcome to FranScan.com. FranScan (&#8220;we,&#8221; &#8220;our,&#8221; or &#8220;us&#8221;) provides an online platform for you to research, compare, and analyze franchise opportunities.&nbsp; By creating an account with us, or by otherwise using our websites, networks, mobile applications, or other services or content provided by us (collectively, the \u201cServices\u201d), you agree to these Terms of Service, [&hellip;]","og_url":"https:\/\/franscan.com\/pt\/terms-of-service\/","og_site_name":"FranScan","article_publisher":"https:\/\/www.facebook.com\/franscanglobal","article_modified_time":"2025-11-06T09:39:04+00:00","og_image":[{"width":500,"height":500,"url":"https:\/\/i0.wp.com\/franscan.com\/wp-content\/uploads\/2025\/07\/FranScan-Logo-1-Black.png?fit=500%2C500&ssl=1","type":"image\/png"}],"twitter_card":"summary_large_image","twitter_misc":{"Tempo estimado de leitura":"7 minutos"},"schema":{"@context":"https:\/\/schema.org","@graph":[{"@type":"WebPage","@id":"https:\/\/franscan.com\/terms-of-service\/","url":"https:\/\/franscan.com\/terms-of-service\/","name":"Terms of Service - FranScan","isPartOf":{"@id":"https:\/\/franscan.com\/#website"},"datePublished":"2025-11-06T09:39:01+00:00","dateModified":"2025-11-06T09:39:04+00:00","breadcrumb":{"@id":"https:\/\/franscan.com\/terms-of-service\/#breadcrumb"},"inLanguage":"pt-PT","potentialAction":[{"@type":"ReadAction","target":["https:\/\/franscan.com\/terms-of-service\/"]}]},{"@type":"BreadcrumbList","@id":"https:\/\/franscan.com\/terms-of-service\/#breadcrumb","itemListElement":[{"@type":"ListItem","position":1,"name":"Home","item":"https:\/\/franscan.com\/"},{"@type":"ListItem","position":2,"name":"Terms of Service"}]},{"@type":"WebSite","@id":"https:\/\/franscan.com\/#website","url":"https:\/\/franscan.com\/","name":"FranScan","description":"Explore and compare top franchise business opportunities across Europe and the UK. Find the perfect franchise to grow your entrepreneurial journey with FranScan.","publisher":{"@id":"https:\/\/franscan.com\/#organization"},"potentialAction":[{"@type":"SearchAction","target":{"@type":"EntryPoint","urlTemplate":"https:\/\/franscan.com\/?s={search_term_string}"},"query-input":{"@type":"PropertyValueSpecification","valueRequired":true,"valueName":"search_term_string"}}],"inLanguage":"pt-PT"},{"@type":"Organization","@id":"https:\/\/franscan.com\/#organization","name":"FranScan","url":"https:\/\/franscan.com\/","logo":{"@type":"ImageObject","inLanguage":"pt-PT","@id":"https:\/\/franscan.com\/#\/schema\/logo\/image\/","url":"https:\/\/i0.wp.com\/franscan.com\/wp-content\/uploads\/2025\/10\/FranScan-Logo-1-Black-edited.png?fit=500%2C281&ssl=1","contentUrl":"https:\/\/i0.wp.com\/franscan.com\/wp-content\/uploads\/2025\/10\/FranScan-Logo-1-Black-edited.png?fit=500%2C281&ssl=1","width":500,"height":281,"caption":"FranScan"},"image":{"@id":"https:\/\/franscan.com\/#\/schema\/logo\/image\/"},"sameAs":["https:\/\/www.facebook.com\/franscanglobal","https:\/\/www.linkedin.com\/company\/franscan\/","https:\/\/www.instagram.com\/FranScanGlobal\/"]}]}},"jetpack_sharing_enabled":true,"_links":{"self":[{"href":"https:\/\/franscan.com\/pt\/wp-json\/wp\/v2\/pages\/25","targetHints":{"allow":["GET"]}}],"collection":[{"href":"https:\/\/franscan.com\/pt\/wp-json\/wp\/v2\/pages"}],"about":[{"href":"https:\/\/franscan.com\/pt\/wp-json\/wp\/v2\/types\/page"}],"author":[{"embeddable":true,"href":"https:\/\/franscan.com\/pt\/wp-json\/wp\/v2\/users\/1"}],"replies":[{"embeddable":true,"href":"https:\/\/franscan.com\/pt\/wp-json\/wp\/v2\/comments?post=25"}],"version-history":[{"count":3,"href":"https:\/\/franscan.com\/pt\/wp-json\/wp\/v2\/pages\/25\/revisions"}],"predecessor-version":[{"id":172,"href":"https:\/\/franscan.com\/pt\/wp-json\/wp\/v2\/pages\/25\/revisions\/172"}],"wp:attachment":[{"href":"https:\/\/franscan.com\/pt\/wp-json\/wp\/v2\/media?parent=25"}],"curies":[{"name":"wp","href":"https:\/\/api.w.org\/{rel}","templated":true}]}}