{"id":12,"date":"2025-07-21T15:57:15","date_gmt":"2025-07-21T15:57:15","guid":{"rendered":"https:\/\/lov.cxy.mybluehost.me\/website_5eb5ef21\/contact\/"},"modified":"2026-02-09T10:19:41","modified_gmt":"2026-02-09T10:19:41","slug":"contact","status":"publish","type":"page","link":"https:\/\/franscan.com\/pt\/contact\/","title":{"rendered":"Contacto"},"content":{"rendered":"<div class=\"nfd-container nfd-wb-call-to-action__cta-26 wp-block-group\"><div class=\"wp-block-group__inner-container is-layout-constrained wp-block-group-is-layout-constrained\">\n<div class=\"nfd-rounded-md nfd-overflow-hidden nfd-bg-surface nfd-theme-darker is-style-nfd-theme-darker wp-block-group\"><div class=\"wp-block-group__inner-container is-layout-constrained wp-block-group-is-layout-constrained\">\n<div class=\"nfd-p-0 nfd-bg- wp-block-cover\" style=\"min-height:100px;aspect-ratio:unset;\"><img decoding=\"async\" loading=\"lazy\" class=\"wp-block-cover__image-background\" alt=\"\" src=\"https:\/\/images.unsplash.com\/photo-1720329461027-f34c265b1d91?ixlib=rb-4.0.3&amp;ixid=MnwxMjA3fDB8MHxwaG90by1wYWdlfHx8fGVufDB8fHx8&amp;auto=format&amp;fit=crop&amp;q=80&amp;w=1200&amp;h=&amp;crop=\" data-object-fit=\"cover\"\/><span aria-hidden=\"true\" class=\"wp-block-cover__background has-background-dim-40 has-background-dim wp-block-cover__gradient-background has-background-gradient\" style=\"background:linear-gradient(180deg,rgb(0,0,0) 31%,rgba(0,0,0,0) 100%)\"><\/span><div class=\"wp-block-cover__inner-container is-layout-constrained wp-block-cover-is-layout-constrained\">\n<div class=\"nfd-gap-xl nfd-p-lg is-style-nfd-theme-white wp-block-group is-content-justification-center is-layout-flex wp-container-core-group-is-layout-64b26803 wp-block-group-is-layout-flex\">\n<div class=\"nfd-gap-xl wp-block-group is-vertical is-content-justification-center is-layout-flex wp-container-core-group-is-layout-73a99bce wp-block-group-is-layout-flex\">\n<h2 class=\"nfd-text-xl nfd-text-contrast nfd-text-balance wp-block-heading has-text-align-center\">Comece a sua viagem de franquia hoje mesmo!<\/h2>\n\n\n\n<p class=\"nfd-text-faded nfd-text-md nfd-text-balance has-text-align-center\">Ligue-se a n\u00f3s para explorar oportunidades de franquia emocionantes em toda a Europa e no Reino Unido.<\/p>\n\n\n\n<div class=\"nfd-text-md wp-block-buttons is-content-justification-left is-layout-flex wp-container-core-buttons-is-layout-fdcfc74e wp-block-buttons-is-layout-flex\">\n<div class=\"nfd-btn-xl  wp-block-button\"><a class=\"wp-block-button__link wp-element-button\" href=\"mailto:silvia@franscan.com\">Entre em contacto agora<\/a><\/div>\n<\/div>\n<\/div>\n<\/div>\n<\/div><\/div>\n<\/div><\/div>\n<\/div><\/div>\n\n\n\n<div class=\"nfd-container nfd-wb-text__text-28 wp-block-group is-vertical is-content-justification-center is-layout-flex wp-container-core-group-is-layout-4b2eccd6 wp-block-group-is-layout-flex\">\n<div class=\"nfd-max-w-prose wp-block-group\"><div class=\"wp-block-group__inner-container is-layout-constrained wp-block-group-is-layout-constrained\">\n<h2 class=\"nfd-text-lg nfd-text-contrast wp-block-heading has-text-align-center\">Contacte-nos para consultas de franquia<\/h2>\n\n\n\n<div style=\"height:8px\" aria-hidden=\"true\" class=\"wp-block-spacer\"><\/div>\n\n\n\n<div class=\"nfd-gap-2xl nfd-text-md wp-block-group is-vertical is-content-justification-stretch is-layout-flex wp-container-core-group-is-layout-b16ad781 wp-block-group-is-layout-flex\">\n<div class=\"nfd-gap-lg nfd-px-sm nfd-bg-surface nfd-theme-white is-style-nfd-theme-white wp-block-group is-nowrap is-layout-flex wp-container-core-group-is-layout-64989fb1 wp-block-group-is-layout-flex\">\n<div class=\"nfd-rounded-full nfd-p-2 nfd-shrink-0 nfd-bg-surface nfd-theme-dark is-style-nfd-theme-dark wp-block-group wp-container-content-2cb1e7d4 is-vertical is-content-justification-center is-layout-flex wp-container-core-group-is-layout-73a99bce wp-block-group-is-layout-flex\" style=\"min-height:32px\">\n<p class=\"nfd-text-contrast\" style=\"font-style:normal;font-weight:500;line-height:0;text-transform:uppercase\">1<\/p>\n<\/div>\n\n\n\n<div class=\"nfd-gap-sm wp-block-group wp-container-content-9cfa9a5a is-content-justification-space-between is-layout-flex wp-container-core-group-is-layout-e3bc7287 wp-block-group-is-layout-flex\">\n<p class=\"has-text-align-center\">Para iniciar a sua viagem com a FranScan, preencha o nosso formul\u00e1rio de captura de leads com os seus dados. Isto ir\u00e1 ajudar-nos a compreender os seus interesses de franquia e conect\u00e1-lo com as oportunidades certas.<\/p>\n<\/div>\n<\/div>\n\n\n\n<div class=\"nfd-gap-lg nfd-px-sm nfd-bg-surface nfd-theme-white is-style-nfd-theme-white wp-block-group is-nowrap is-layout-flex wp-container-core-group-is-layout-64989fb1 wp-block-group-is-layout-flex\">\n<div class=\"nfd-rounded-full nfd-p-2 nfd-shrink-0 nfd-bg-surface nfd-theme-dark is-style-nfd-theme-dark wp-block-group wp-container-content-2cb1e7d4 is-vertical is-content-justification-center is-layout-flex wp-container-core-group-is-layout-73a99bce wp-block-group-is-layout-flex\" style=\"min-height:32px\">\n<p class=\"nfd-text-contrast\" style=\"font-style:normal;font-weight:500;line-height:0;text-transform:uppercase\">2<\/p>\n<\/div>\n\n\n\n<div class=\"nfd-gap-sm wp-block-group wp-container-content-9cfa9a5a is-content-justification-space-between is-layout-flex wp-container-core-group-is-layout-e3bc7287 wp-block-group-is-layout-flex\">\n<p class=\"has-text-align-center\">Uma vez que o seu formul\u00e1rio \u00e9 enviado, a nossa equipa ir\u00e1 rever o seu inqu\u00e9rito e contact\u00e1-lo prontamente. Esperar uma resposta personalizada \u00e0 medida das suas necessidades de franquia.<\/p>\n<\/div>\n<\/div>\n\n\n\n<div class=\"nfd-gap-lg nfd-px-sm nfd-bg-surface nfd-theme-white is-style-nfd-theme-white wp-block-group is-nowrap is-layout-flex wp-container-core-group-is-layout-64989fb1 wp-block-group-is-layout-flex\">\n<div class=\"nfd-rounded-full nfd-p-2 nfd-shrink-0 nfd-bg-surface nfd-theme-dark is-style-nfd-theme-dark wp-block-group wp-container-content-2cb1e7d4 is-vertical is-content-justification-center is-layout-flex wp-container-core-group-is-layout-73a99bce wp-block-group-is-layout-flex\" style=\"min-height:32px\">\n<p class=\"nfd-text-contrast\" style=\"font-style:normal;font-weight:500;line-height:0;text-transform:uppercase\">3<\/p>\n<\/div>\n\n\n\n<div class=\"nfd-gap-sm wp-block-group wp-container-content-9cfa9a5a is-content-justification-space-between is-layout-flex wp-container-core-group-is-layout-e3bc7287 wp-block-group-is-layout-flex\">\n<p class=\"has-text-align-center\">Vamos fornecer-lhe uma lista com curadoria de op\u00e7\u00f5es de franquia que correspondem aos seus crit\u00e9rios, incluindo n\u00edveis de investimento e prefer\u00eancias do setor, para ajud\u00e1-lo a tomar uma decis\u00e3o informada.<\/p>\n<\/div>\n<\/div>\n\n\n\n<div class=\"nfd-gap-lg nfd-px-sm nfd-bg-surface nfd-theme-white is-style-nfd-theme-white wp-block-group is-nowrap is-layout-flex wp-container-core-group-is-layout-64989fb1 wp-block-group-is-layout-flex\">\n<div class=\"nfd-rounded-full nfd-p-2 nfd-shrink-0 nfd-bg-surface nfd-theme-dark is-style-nfd-theme-dark wp-block-group wp-container-content-2cb1e7d4 is-vertical is-content-justification-center is-layout-flex wp-container-core-group-is-layout-73a99bce wp-block-group-is-layout-flex\" style=\"min-height:32px\">\n<p class=\"nfd-text-contrast\" style=\"font-style:normal;font-weight:500;line-height:0;text-transform:uppercase\">4<\/p>\n<\/div>\n\n\n\n<div class=\"nfd-gap-sm wp-block-group wp-container-content-9cfa9a5a is-content-justification-space-between is-layout-flex wp-container-core-group-is-layout-e3bc7287 wp-block-group-is-layout-flex\">\n<p class=\"has-text-align-center\">Receber\u00e1 recursos adicionais e informa\u00e7\u00f5es sobre o mercado de franquias, incluindo dicas sobre como escolher a franquia certa e hist\u00f3rias de sucesso de outros empres\u00e1rios.<\/p>\n<\/div>\n<\/div>\n\n\n\n<div class=\"nfd-gap-lg nfd-px-sm nfd-bg-surface nfd-theme-white is-style-nfd-theme-white wp-block-group is-nowrap is-layout-flex wp-container-core-group-is-layout-64989fb1 wp-block-group-is-layout-flex\">\n<div class=\"nfd-rounded-full nfd-p-2 nfd-shrink-0 nfd-bg-surface nfd-theme-dark is-style-nfd-theme-dark wp-block-group wp-container-content-2cb1e7d4 is-vertical is-content-justification-center is-layout-flex wp-container-core-group-is-layout-73a99bce wp-block-group-is-layout-flex\" style=\"min-height:32px\">\n<p class=\"nfd-text-contrast\" style=\"font-style:normal;font-weight:500;line-height:0;text-transform:uppercase\">5<\/p>\n<\/div>\n\n\n\n<div class=\"nfd-gap-sm wp-block-group wp-container-content-9cfa9a5a is-content-justification-space-between is-layout-flex wp-container-core-group-is-layout-e3bc7287 wp-block-group-is-layout-flex\">\n<p class=\"has-text-align-center\">Por \u00faltimo, ajud\u00e1-lo-emos a ligar-se diretamente aos franqueadores em que est\u00e1 interessado, garantindo-lhe todo o apoio necess\u00e1rio para iniciar a sua viagem.<\/p>\n<\/div>\n<\/div>\n<\/div>\n<\/div><\/div>\n<\/div>\n\n\n\n<p class=\"\"><\/p>","protected":false},"excerpt":{"rendered":"<p>Para iniciar a sua viagem com a FranScan, preencha o nosso formul\u00e1rio de captura de leads com os seus dados. Isto ir\u00e1 ajudar-nos a compreender os seus interesses de franquia e conect\u00e1-lo com as oportunidades certas. 2 Uma vez que o seu formul\u00e1rio \u00e9 enviado, a nossa equipa ir\u00e1 rever o seu inqu\u00e9rito e contact\u00e1-lo prontamente. Esperar [...]<\/p>","protected":false},"author":1,"featured_media":0,"parent":0,"menu_order":0,"comment_status":"closed","ping_status":"closed","template":"","meta":{"nf_dc_page":"contact","om_disable_all_campaigns":false,"footnotes":""},"class_list":["post-12","page","type-page","status-publish","hentry"],"yoast_head":"<!-- This site is optimized with the Yoast SEO plugin v27.4 - https:\/\/yoast.com\/product\/yoast-seo-wordpress\/ -->\n<title>Contact - FranScan<\/title>\n<meta name=\"robots\" content=\"index, follow, max-snippet:-1, max-image-preview:large, max-video-preview:-1\" \/>\n<link rel=\"canonical\" href=\"https:\/\/franscan.com\/pt\/contact\/\" \/>\n<meta property=\"og:locale\" content=\"pt_PT\" \/>\n<meta property=\"og:type\" content=\"article\" \/>\n<meta property=\"og:title\" content=\"Contact - FranScan\" \/>\n<meta property=\"og:description\" content=\"Contact Us for Franchise Inquiries 1 To initiate your journey with FranScan, fill out our lead capture form with your details. This will help us understand your franchise interests and connect you with the right opportunities. 2 Once your form is submitted, our team will review your inquiry and reach out to you promptly. Expect [&hellip;]\" \/>\n<meta property=\"og:url\" content=\"https:\/\/franscan.com\/pt\/contact\/\" \/>\n<meta property=\"og:site_name\" content=\"FranScan\" \/>\n<meta property=\"article:publisher\" content=\"https:\/\/www.facebook.com\/franscanglobal\" \/>\n<meta property=\"article:modified_time\" content=\"2026-02-09T10:19:41+00:00\" \/>\n<meta property=\"og:image\" content=\"https:\/\/images.unsplash.com\/photo-1720329461027-f34c265b1d91?ixlib=rb-4.0.3&amp;ixid=MnwxMjA3fDB8MHxwaG90by1wYWdlfHx8fGVufDB8fHx8&amp;auto=format&amp;fit=crop&amp;q=80&amp;w=1200&amp;h=&amp;crop=\" \/>\n<meta name=\"twitter:card\" content=\"summary_large_image\" \/>\n<meta name=\"twitter:label1\" content=\"Tempo estimado de leitura\" \/>\n\t<meta name=\"twitter:data1\" content=\"1 minuto\" \/>\n<script type=\"application\/ld+json\" class=\"yoast-schema-graph\">{\"@context\":\"https:\\\/\\\/schema.org\",\"@graph\":[{\"@type\":\"WebPage\",\"@id\":\"https:\\\/\\\/franscan.com\\\/contact\\\/\",\"url\":\"https:\\\/\\\/franscan.com\\\/contact\\\/\",\"name\":\"Contact - FranScan\",\"isPartOf\":{\"@id\":\"https:\\\/\\\/franscan.com\\\/#website\"},\"primaryImageOfPage\":{\"@id\":\"https:\\\/\\\/franscan.com\\\/contact\\\/#primaryimage\"},\"image\":{\"@id\":\"https:\\\/\\\/franscan.com\\\/contact\\\/#primaryimage\"},\"thumbnailUrl\":\"https:\\\/\\\/images.unsplash.com\\\/photo-1720329461027-f34c265b1d91?ixlib=rb-4.0.3&amp;ixid=MnwxMjA3fDB8MHxwaG90by1wYWdlfHx8fGVufDB8fHx8&amp;auto=format&amp;fit=crop&amp;q=80&amp;w=1200&amp;h=&amp;crop=\",\"datePublished\":\"2025-07-21T15:57:15+00:00\",\"dateModified\":\"2026-02-09T10:19:41+00:00\",\"breadcrumb\":{\"@id\":\"https:\\\/\\\/franscan.com\\\/contact\\\/#breadcrumb\"},\"inLanguage\":\"pt-PT\",\"potentialAction\":[{\"@type\":\"ReadAction\",\"target\":[\"https:\\\/\\\/franscan.com\\\/contact\\\/\"]}]},{\"@type\":\"ImageObject\",\"inLanguage\":\"pt-PT\",\"@id\":\"https:\\\/\\\/franscan.com\\\/contact\\\/#primaryimage\",\"url\":\"https:\\\/\\\/images.unsplash.com\\\/photo-1720329461027-f34c265b1d91?ixlib=rb-4.0.3&amp;ixid=MnwxMjA3fDB8MHxwaG90by1wYWdlfHx8fGVufDB8fHx8&amp;auto=format&amp;fit=crop&amp;q=80&amp;w=1200&amp;h=&amp;crop=\",\"contentUrl\":\"https:\\\/\\\/images.unsplash.com\\\/photo-1720329461027-f34c265b1d91?ixlib=rb-4.0.3&amp;ixid=MnwxMjA3fDB8MHxwaG90by1wYWdlfHx8fGVufDB8fHx8&amp;auto=format&amp;fit=crop&amp;q=80&amp;w=1200&amp;h=&amp;crop=\"},{\"@type\":\"BreadcrumbList\",\"@id\":\"https:\\\/\\\/franscan.com\\\/contact\\\/#breadcrumb\",\"itemListElement\":[{\"@type\":\"ListItem\",\"position\":1,\"name\":\"Home\",\"item\":\"https:\\\/\\\/franscan.com\\\/\"},{\"@type\":\"ListItem\",\"position\":2,\"name\":\"Contact\"}]},{\"@type\":\"WebSite\",\"@id\":\"https:\\\/\\\/franscan.com\\\/#website\",\"url\":\"https:\\\/\\\/franscan.com\\\/\",\"name\":\"FranScan\",\"description\":\"Explore and compare top franchise business opportunities across Europe and the UK. Find the perfect franchise to grow your entrepreneurial journey with FranScan.\",\"publisher\":{\"@id\":\"https:\\\/\\\/franscan.com\\\/#organization\"},\"potentialAction\":[{\"@type\":\"SearchAction\",\"target\":{\"@type\":\"EntryPoint\",\"urlTemplate\":\"https:\\\/\\\/franscan.com\\\/?s={search_term_string}\"},\"query-input\":{\"@type\":\"PropertyValueSpecification\",\"valueRequired\":true,\"valueName\":\"search_term_string\"}}],\"inLanguage\":\"pt-PT\"},{\"@type\":\"Organization\",\"@id\":\"https:\\\/\\\/franscan.com\\\/#organization\",\"name\":\"FranScan\",\"url\":\"https:\\\/\\\/franscan.com\\\/\",\"logo\":{\"@type\":\"ImageObject\",\"inLanguage\":\"pt-PT\",\"@id\":\"https:\\\/\\\/franscan.com\\\/#\\\/schema\\\/logo\\\/image\\\/\",\"url\":\"https:\\\/\\\/i0.wp.com\\\/franscan.com\\\/wp-content\\\/uploads\\\/2025\\\/10\\\/FranScan-Logo-1-Black-edited.png?fit=500%2C281&ssl=1\",\"contentUrl\":\"https:\\\/\\\/i0.wp.com\\\/franscan.com\\\/wp-content\\\/uploads\\\/2025\\\/10\\\/FranScan-Logo-1-Black-edited.png?fit=500%2C281&ssl=1\",\"width\":500,\"height\":281,\"caption\":\"FranScan\"},\"image\":{\"@id\":\"https:\\\/\\\/franscan.com\\\/#\\\/schema\\\/logo\\\/image\\\/\"},\"sameAs\":[\"https:\\\/\\\/www.facebook.com\\\/franscanglobal\",\"https:\\\/\\\/www.linkedin.com\\\/company\\\/franscan\\\/\",\"https:\\\/\\\/www.instagram.com\\\/FranScanGlobal\\\/\"]}]}<\/script>\n<!-- \/ Yoast SEO plugin. -->","yoast_head_json":{"title":"Contact - FranScan","robots":{"index":"index","follow":"follow","max-snippet":"max-snippet:-1","max-image-preview":"max-image-preview:large","max-video-preview":"max-video-preview:-1"},"canonical":"https:\/\/franscan.com\/pt\/contact\/","og_locale":"pt_PT","og_type":"article","og_title":"Contact - FranScan","og_description":"Contact Us for Franchise Inquiries 1 To initiate your journey with FranScan, fill out our lead capture form with your details. This will help us understand your franchise interests and connect you with the right opportunities. 2 Once your form is submitted, our team will review your inquiry and reach out to you promptly. Expect [&hellip;]","og_url":"https:\/\/franscan.com\/pt\/contact\/","og_site_name":"FranScan","article_publisher":"https:\/\/www.facebook.com\/franscanglobal","article_modified_time":"2026-02-09T10:19:41+00:00","og_image":[{"url":"https:\/\/images.unsplash.com\/photo-1720329461027-f34c265b1d91?ixlib=rb-4.0.3&amp;ixid=MnwxMjA3fDB8MHxwaG90by1wYWdlfHx8fGVufDB8fHx8&amp;auto=format&amp;fit=crop&amp;q=80&amp;w=1200&amp;h=&amp;crop=","type":"","width":"","height":""}],"twitter_card":"summary_large_image","twitter_misc":{"Tempo estimado de leitura":"1 minuto"},"schema":{"@context":"https:\/\/schema.org","@graph":[{"@type":"WebPage","@id":"https:\/\/franscan.com\/contact\/","url":"https:\/\/franscan.com\/contact\/","name":"Contact - FranScan","isPartOf":{"@id":"https:\/\/franscan.com\/#website"},"primaryImageOfPage":{"@id":"https:\/\/franscan.com\/contact\/#primaryimage"},"image":{"@id":"https:\/\/franscan.com\/contact\/#primaryimage"},"thumbnailUrl":"https:\/\/images.unsplash.com\/photo-1720329461027-f34c265b1d91?ixlib=rb-4.0.3&amp;ixid=MnwxMjA3fDB8MHxwaG90by1wYWdlfHx8fGVufDB8fHx8&amp;auto=format&amp;fit=crop&amp;q=80&amp;w=1200&amp;h=&amp;crop=","datePublished":"2025-07-21T15:57:15+00:00","dateModified":"2026-02-09T10:19:41+00:00","breadcrumb":{"@id":"https:\/\/franscan.com\/contact\/#breadcrumb"},"inLanguage":"pt-PT","potentialAction":[{"@type":"ReadAction","target":["https:\/\/franscan.com\/contact\/"]}]},{"@type":"ImageObject","inLanguage":"pt-PT","@id":"https:\/\/franscan.com\/contact\/#primaryimage","url":"https:\/\/images.unsplash.com\/photo-1720329461027-f34c265b1d91?ixlib=rb-4.0.3&amp;ixid=MnwxMjA3fDB8MHxwaG90by1wYWdlfHx8fGVufDB8fHx8&amp;auto=format&amp;fit=crop&amp;q=80&amp;w=1200&amp;h=&amp;crop=","contentUrl":"https:\/\/images.unsplash.com\/photo-1720329461027-f34c265b1d91?ixlib=rb-4.0.3&amp;ixid=MnwxMjA3fDB8MHxwaG90by1wYWdlfHx8fGVufDB8fHx8&amp;auto=format&amp;fit=crop&amp;q=80&amp;w=1200&amp;h=&amp;crop="},{"@type":"BreadcrumbList","@id":"https:\/\/franscan.com\/contact\/#breadcrumb","itemListElement":[{"@type":"ListItem","position":1,"name":"Home","item":"https:\/\/franscan.com\/"},{"@type":"ListItem","position":2,"name":"Contact"}]},{"@type":"WebSite","@id":"https:\/\/franscan.com\/#website","url":"https:\/\/franscan.com\/","name":"FranScan","description":"Explore and compare top franchise business opportunities across Europe and the UK. Find the perfect franchise to grow your entrepreneurial journey with FranScan.","publisher":{"@id":"https:\/\/franscan.com\/#organization"},"potentialAction":[{"@type":"SearchAction","target":{"@type":"EntryPoint","urlTemplate":"https:\/\/franscan.com\/?s={search_term_string}"},"query-input":{"@type":"PropertyValueSpecification","valueRequired":true,"valueName":"search_term_string"}}],"inLanguage":"pt-PT"},{"@type":"Organization","@id":"https:\/\/franscan.com\/#organization","name":"FranScan","url":"https:\/\/franscan.com\/","logo":{"@type":"ImageObject","inLanguage":"pt-PT","@id":"https:\/\/franscan.com\/#\/schema\/logo\/image\/","url":"https:\/\/i0.wp.com\/franscan.com\/wp-content\/uploads\/2025\/10\/FranScan-Logo-1-Black-edited.png?fit=500%2C281&ssl=1","contentUrl":"https:\/\/i0.wp.com\/franscan.com\/wp-content\/uploads\/2025\/10\/FranScan-Logo-1-Black-edited.png?fit=500%2C281&ssl=1","width":500,"height":281,"caption":"FranScan"},"image":{"@id":"https:\/\/franscan.com\/#\/schema\/logo\/image\/"},"sameAs":["https:\/\/www.facebook.com\/franscanglobal","https:\/\/www.linkedin.com\/company\/franscan\/","https:\/\/www.instagram.com\/FranScanGlobal\/"]}]}},"jetpack_sharing_enabled":true,"_links":{"self":[{"href":"https:\/\/franscan.com\/pt\/wp-json\/wp\/v2\/pages\/12","targetHints":{"allow":["GET"]}}],"collection":[{"href":"https:\/\/franscan.com\/pt\/wp-json\/wp\/v2\/pages"}],"about":[{"href":"https:\/\/franscan.com\/pt\/wp-json\/wp\/v2\/types\/page"}],"author":[{"embeddable":true,"href":"https:\/\/franscan.com\/pt\/wp-json\/wp\/v2\/users\/1"}],"replies":[{"embeddable":true,"href":"https:\/\/franscan.com\/pt\/wp-json\/wp\/v2\/comments?post=12"}],"version-history":[{"count":4,"href":"https:\/\/franscan.com\/pt\/wp-json\/wp\/v2\/pages\/12\/revisions"}],"predecessor-version":[{"id":1053,"href":"https:\/\/franscan.com\/pt\/wp-json\/wp\/v2\/pages\/12\/revisions\/1053"}],"wp:attachment":[{"href":"https:\/\/franscan.com\/pt\/wp-json\/wp\/v2\/media?parent=12"}],"curies":[{"name":"wp","href":"https:\/\/api.w.org\/{rel}","templated":true}]}}