{"id":25,"date":"2025-11-06T09:39:01","date_gmt":"2025-11-06T09:39:01","guid":{"rendered":"https:\/\/lov.cxy.mybluehost.me\/website_5eb5ef21\/?page_id=25"},"modified":"2025-11-06T09:39:04","modified_gmt":"2025-11-06T09:39:04","slug":"terms-of-service","status":"publish","type":"page","link":"https:\/\/franscan.com\/fr\/terms-of-service\/","title":{"rendered":"Conditions d'utilisation"},"content":{"rendered":"<h3 class=\"wp-block-heading\">Introduction<\/h3>\n\n\n\n<p class=\"\">Bienvenue sur FranScan.com. FranScan (\u00abnous\u00bb, \u00abnotre\u00bb ou \u00abnous\u00bb) fournit une plateforme en ligne pour vous permettre de rechercher, de comparer et d\u2019analyser les possibilit\u00e9s de franchise.&nbsp;<\/p>\n\n\n\n<p class=\"\">En cr\u00e9ant un compte chez nous, ou en utilisant autrement nos sites Web, r\u00e9seaux, applications mobiles ou autres services ou contenus fournis par nous (collectivement, les \u00ab Services \u00bb), vous acceptez les pr\u00e9sentes Conditions d'utilisation, notre Site Web&nbsp;<a href=\"https:\/\/franzy.com\/terms-of-use\">Conditions d'utilisation<\/a>&nbsp;et notre&nbsp;<a href=\"https:\/\/franzy.com\/privacy-policy\">Politique de confidentialit\u00e9<\/a>. Si vous n'acceptez pas ces Conditions, vous ne pouvez pas utiliser ou tenter d'utiliser les Services. . Si vous n'acceptez pas ces Conditions, vous ne pouvez pas utiliser ou tenter d'utiliser les Services.<\/p>\n\n\n\n<p class=\"\">CES CONDITIONS CONTENENT UNE DISPOSITION D'ARBITRAGE ENTRETIEN. S'il vous pla\u00eet lire attentivement.<\/p>\n\n\n\n<h3 class=\"wp-block-heading\">Utilisation des Services<\/h3>\n\n\n\n<h4 class=\"wp-block-heading\">Enregistrement de compte<\/h4>\n\n\n\n<p class=\"\">Pour acc\u00e9der \u00e0 certaines fonctionnalit\u00e9s du Site, vous devrez peut-\u00eatre vous inscrire \u00e0 un compte. Vous acceptez de fournir des informations exactes, \u00e0 jour et compl\u00e8tes pendant le processus d'inscription et de mettre \u00e0 jour ces informations pour les garder exactes, \u00e0 jour et compl\u00e8tes. Vous devez \u00eatre \u00e2g\u00e9 d'au moins 18 ans pour utiliser les Services.<\/p>\n\n\n\n<h4 class=\"wp-block-heading\">S\u00e9curit\u00e9 du compte<\/h4>\n\n\n\n<p class=\"\">Vous \u00eates responsable du maintien de la confidentialit\u00e9 du mot de passe de votre compte et de toutes les activit\u00e9s qui se produisent sous votre compte. Vous acceptez d'aviser imm\u00e9diatement FranScan de toute utilisation non autoris\u00e9e de votre compte.<\/p>\n\n\n\n<h4 class=\"wp-block-heading\">Restrictions d'utilisation<\/h4>\n\n\n\n<p class=\"\">Les franchis\u00e9s potentiels doivent limiter l'utilisation des Services et du mat\u00e9riel fournis par FranScan \u00e0 la prise de d\u00e9cision interne uniquement. Les franchis\u00e9s potentiels n'utiliseront pas les services pour se livrer \u00e0 l'une des \u00abactivit\u00e9s interdites\u00bb figurant dans les conditions d'utilisation du site Web ou \u00e0 d'autres actes qui porteraient atteinte \u00e0 FranScan ou aux services. Nous nous r\u00e9servons le droit d'interdire une telle activit\u00e9 ou utilisation, ou d'interdire tout franchis\u00e9 potentiel \u00e0 notre seule discr\u00e9tion.<\/p>\n\n\n\n<h3 class=\"wp-block-heading\">Informations sur la franchise<\/h3>\n\n\n\n<p class=\"\">En fournissant les Services, nous donnons aux franchis\u00e9s potentiels la possibilit\u00e9 de s'engager avec les franchiseurs. Nous partageons \u00e9galement les informations des franchis\u00e9s potentiels avec le(s) franchiseur(s).&nbsp;<\/p>\n\n\n\n<h4 class=\"wp-block-heading\">Exactitude de l'information<\/h4>\n\n\n\n<p class=\"\">FranScan tire ses informations des documents de divulgation de franchise (FDD), des sources publiques et directement des marques de franchise. Bien que nous nous efforcions de fournir des informations exactes et \u00e0 jour fournies par ces sources, nous ne garantissons pas l'exhaustivit\u00e9 ou l'exactitude de toute information sur le Site. Les informations fournies sur ce site sont fournies \u00e0 titre informatif uniquement et ne constituent pas une offre de vente ou la sollicitation d'une offre d'achat d'une franchise.&nbsp;<\/p>\n\n\n\n<h4 class=\"wp-block-heading\">Aucune offre de franchise<\/h4>\n\n\n\n<p class=\"\">Toute offre de franchise est faite par la marque de franchise par le biais d'un document de divulgation de franchise (FDD) enregistr\u00e9 dans le pays applicable. Ni les informations sur le Site ni les Services ne constituent l'offre d'une franchise, qu'une telle offre ou sollicitation soit ou non r\u00e9put\u00e9e ou interdite par la loi ou la r\u00e9glementation. Il est conseill\u00e9 aux franchis\u00e9s potentiels d'examiner le FDD et de consulter des conseillers juridiques et financiers avant de prendre toute d\u00e9cision d'investir dans une opportunit\u00e9 de franchise. FranScan ne v\u00e9rifie pas les r\u00e9clamations faites par les marques de franchise, et les franchis\u00e9s potentiels doivent effectuer leur propre diligence raisonnable. FranScan n'est pas responsable du r\u00e9sultat des engagements entre un franchis\u00e9 potentiel et une marque de franchise.<\/p>\n\n\n\n<h3 class=\"wp-block-heading\">Consultants et conseillers<\/h3>\n\n\n\n<h4 class=\"wp-block-heading\">Non-agence<\/h4>\n\n\n\n<p class=\"\">Les conseillers en franchise FranScan fournissent des conseils et un soutien sur la navigation sur le site, mais n'agissent pas en tant qu'agents de la vente et ne peuvent pas influencer la d\u00e9cision d'achat. Le Site contient des informations publiques qui sont fournies directement par les Marques de Franchise.<\/p>\n\n\n\n<h3 class=\"wp-block-heading\">Propri\u00e9t\u00e9 intellectuelle<\/h3>\n\n\n\n<h4 class=\"wp-block-heading\">Propri\u00e9t\u00e9<\/h4>\n\n\n\n<p class=\"\">Tout le contenu, les caract\u00e9ristiques et les fonctionnalit\u00e9s du Site, y compris le texte, les graphiques, les logos, les images et les logiciels, sont la propri\u00e9t\u00e9 exclusive de FranScan ou de ses conc\u00e9dants de licence et sont prot\u00e9g\u00e9s par le droit d'auteur, les marques de commerce, les brevets, les secrets commerciaux et d'autres lois sur la propri\u00e9t\u00e9 intellectuelle.<\/p>\n\n\n\n<h4 class=\"wp-block-heading\">Restrictions<\/h4>\n\n\n\n<p class=\"\">Vous ne pouvez copier, modifier, distribuer, vendre ou louer aucune partie du site ou de son contenu sans le consentement \u00e9crit pr\u00e9alable de FranScan.<\/p>\n\n\n\n<h3 class=\"wp-block-heading\">avertissement<\/h3>\n\n\n\n<p class=\"\">LES SERVICES SONT FOURNIS \u00ab EN L\u2019\u00c9TAT \u00bb ET \u00ab EN TANT QUE DISPONIBLES \u00bb ET NON AUCUNE DE SES FONCTIONNAIRES, DIRECTEURS, AGENTS, REPR\u00c9SENTANTS, SUBSIDIAIRES, AFFILIERES OU FOURNISSEURS DE CONTENU NE SERONT RESPONSABLES OU RESPONSABLES DES SERVICES. FRANSCAN NE PREND AUCUNE REPR\u00c9SENTATION ET GARANTIE, ET AU PLUS COMPL\u00c8TEMENT AUTORIS\u00c9ES PAR LA LOI APPLICABLE, FRANSCAN D\u00c9CLARE SP\u00c9CIFIQUEMENT TOUTES LES GARANTIES ET REPR\u00c9SENTATIONS, EXPRESS\u00c9ES OU IMPLIC\u00c9ES, Y COMPRIS LES GARANTIES IMPLI\u00c9ES DE MERCHANTABILIT\u00c9 ET D'ATTITUTION \u00c0 DES FINS PARTICULI\u00c8RES OU \u00c0 UNE UTILISATION (AUTRES QUE L'UTILISATION OU L'UTILISATION A \u00c9T\u00c9 D\u00c9CLAR\u00c9E), LES GARANTIES DE TITRE ET DE NON-INFRANCE, TOUTE OBLIGATION D'INDEMNIFICATION IMPLIQU\u00c9E, OU AUTRES GARANTIES QUI SONT \u00c9T\u00c9ES \u00c0 PARTIR DE L'UTATION COMMERCIALE OU DE CUSTOM, EN CE QUI CONCERNE \u00c0 TOUTE DES SERVICES FRANSCANINS OU DE LA PLAFORMATION.&nbsp;<\/p>\n\n\n\n<h3 class=\"wp-block-heading\">Limitation de responsabilit\u00e9<\/h3>\n\n\n\n<p class=\"\">Dans toute la mesure permise par la loi, FranScan ne sera pas responsable des dommages indirects, accessoires, sp\u00e9ciaux, cons\u00e9cutifs ou punitifs, ou de toute perte de profits ou de revenus, qu'ils soient encourus directement ou indirectement, ou de toute perte de donn\u00e9es, d'utilisation, de goodwill ou d'autres pertes immat\u00e9rielles, r\u00e9sultant de:<\/p>\n\n\n\n<ul class=\"wp-block-list\">\n<li class=\"\">Votre utilisation des Services ou votre incapacit\u00e9 \u00e0 les utiliser<\/li>\n\n\n\n<li class=\"\">Tout acc\u00e8s non autoris\u00e9 aux Services ou toute utilisation non autoris\u00e9e de ceux-ci<\/li>\n\n\n\n<li class=\"\">Toute interruption ou cessation de transmission vers ou depuis les Services<\/li>\n\n\n\n<li class=\"\">Tous les bugs, virus, chevaux de Troie, ou similaires qui peuvent \u00eatre transmis \u00e0 ou via les Services par un tiers<\/li>\n\n\n\n<li class=\"\">Toute erreur ou omission dans tout contenu ou pour toute perte ou dommage encouru \u00e0 la suite de votre utilisation de tout contenu publi\u00e9, envoy\u00e9 par courrier \u00e9lectronique, transmis ou autrement mis \u00e0 disposition par le biais des Services<\/li>\n<\/ul>\n\n\n\n<h3 class=\"wp-block-heading\">Indemnisation et lib\u00e9ration<\/h3>\n\n\n\n<p class=\"\">Vous acceptez d'indemniser, de d\u00e9fendre et d'exon\u00e9rer FranScan et ses soci\u00e9t\u00e9s affili\u00e9es, dirigeants, administrateurs, employ\u00e9s et agents de toutes r\u00e9clamations, responsabilit\u00e9s, dommages, pertes, co\u00fbts, d\u00e9penses ou honoraires (y compris les honoraires raisonnables d'avocat et les frais de justice) qui d\u00e9coulent de (a) votre utilisation ou acc\u00e8s aux Services en g\u00e9n\u00e9ral; (b) toute violation de ces conditions ou des conditions d'utilisation du site Web par vous; (c) tout bien ou service achet\u00e9 par vous conform\u00e9ment aux Services; (d) ou toute r\u00e9clamation li\u00e9e \u00e0 votre relation ou \u00e0 vos interactions avec les marques de franchise; ou (e) toute violation des droits d'autrui ou tout pr\u00e9judice que vous pourriez avoir caus\u00e9 \u00e0 autrui. Nous aurons le contr\u00f4le exclusif de la d\u00e9fense de tout dommage ou r\u00e9clamation de ce type.&nbsp;<\/p>\n\n\n\n<p class=\"\">Vous \u00eates seul responsable de vos interactions avec les Marques de Franchise et les autres utilisateurs des Services. Dans la mesure permise par les lois applicables, vous nous lib\u00e9rez de toute r\u00e9clamation ou responsabilit\u00e9 li\u00e9e \u00e0 tout produit ou service d'une marque de franchise, de toute action ou inaction d'une marque de franchise, y compris son non-respect de la loi ou des obligations applicables envers vous, et de toute conduite ou discours, en ligne ou hors ligne, de toute autre partie.<\/p>\n\n\n\n<h3 class=\"wp-block-heading\">Nos droits et recours<\/h3>\n\n\n\n<p class=\"\">Si vous enfreignez ces Conditions, vos obligations l\u00e9gales ou tout autre accord avec nous, nous pouvons poursuivre tout recours juridique ou \u00e9quitable disponible, y compris, mais sans s'y limiter, les dommages-int\u00e9r\u00eats directs, cons\u00e9cutifs et punitifs et les mesures de redressement par injonction. Nos rem\u00e8des sont cumulatifs et non exclusifs. Notre incapacit\u00e9 \u00e0 exercer un recours ou \u00e0 appliquer une partie des pr\u00e9sentes Conditions ne constitue pas une renonciation \u00e0 un recours ou au droit d'appliquer une partie des Conditions \u00e0 tout moment par la suite. Si une disposition des pr\u00e9sentes Conditions est jug\u00e9e inapplicable ou invalide, cette disposition sera limit\u00e9e ou \u00e9limin\u00e9e dans la mesure minimale n\u00e9cessaire pour que les Conditions restent par ailleurs pleinement en vigueur et ex\u00e9cutoires et vous et nous convenons que ce tribunal devrait incorporer une disposition similaire qui serait consid\u00e9r\u00e9e comme valide, toutes les autres dispositions restant valables dans le Contrat. Ces Conditions ne sont pas cessibles, transf\u00e9rables ou sous-licenciables par vous, sauf avec notre consentement \u00e9crit pr\u00e9alable. Nous pouvons transf\u00e9rer, c\u00e9der ou d\u00e9l\u00e9guer les Conditions et ses droits et obligations sans consentement. Les utilisateurs du Site et des Services sont responsables du respect de toutes les r\u00e9glementations et lois applicables. Aucune relation de coentreprise, de partenariat, d'emploi ou d'agence n'existe entre vous et nous \u00e0 la suite de ces Conditions ou de votre utilisation des Sites et Services. Vous reconnaissez et acceptez que chacune des Parties lib\u00e9r\u00e9es sera un tiers b\u00e9n\u00e9ficiaire pr\u00e9vu des pr\u00e9sentes Conditions.<\/p>\n\n\n\n<h3 class=\"wp-block-heading\">Droit applicable \/ R\u00e8glement des diff\u00e9rends<\/h3>\n\n\n\n<p class=\"\">Le pr\u00e9sent Contrat sera interpr\u00e9t\u00e9 et appliqu\u00e9 en vertu des lois du Delaware, sans \u00e9gard aux principes de conflits de lois.&nbsp;<\/p>\n\n\n\n<p class=\"\">LE PR\u00c9SENT CONTRAT CONCERNE UNE DISPOSITION D'ARBITRAGE PARTICULI\u00c8RE. S'il vous pla\u00eet lire attentivement.\u00a0Sauf dans les cas pr\u00e9vus ci-dessous, les parties tenteront d'abord de r\u00e9soudre de mani\u00e8re informelle tout diff\u00e9rend d\u00e9coulant du pr\u00e9sent accord ou s'y rapportant. Si les parties ne peuvent pas r\u00e9soudre le diff\u00e9rend, il sera soumis \u00e0 un arbitrage contraignant en vertu des r\u00e8gles alors en vigueur de l'American Arbitration Association. L'arbitrage aura lieu \u00e0 Pontevedra, en Espagne. L'arbitrage se fera sur une base individuelle seulement et ne sera pas consolid\u00e9 avec toute autre proc\u00e9dure. La d\u00e9cision de l'arbitre ou des arbitres sera d\u00e9finitive et contraignante pour toutes les parties.&nbsp;<\/p>\n\n\n\n<p class=\"\">Nonobstant le pr\u00e9sent processus de r\u00e8glement des diff\u00e9rends, l'une ou l'autre des parties peut demander une mesure de redressement par injonction devant tout tribunal comp\u00e9tent pour les r\u00e9clamations en \u00e9quit\u00e9 pour lesquelles il n'existe pas de recours ad\u00e9quat en droit.<\/p>\n\n\n\n<p class=\"\">Ces demandes \u00e9quitables ne sont pas arbitrables ni soumises \u00e0 la d\u00e9termination de l\u2019arbitrabilit\u00e9 par un arbitre. Vous acceptez que, ind\u00e9pendamment de toute loi ou loi contraire, toute r\u00e9clamation ou cause d'action d\u00e9coulant ou li\u00e9e \u00e0 votre utilisation du Site ou des Services doit \u00eatre d\u00e9pos\u00e9e dans un d\u00e9lai d'un (1) an apr\u00e8s que cette r\u00e9clamation ou cause d'action a surgi ou sera \u00e0 jamais interdite.<\/p>\n\n\n\n<h3 class=\"wp-block-heading\">Modifications apport\u00e9es aux conditions<\/h3>\n\n\n\n<p class=\"\">FranScan se r\u00e9serve le droit de modifier les pr\u00e9sentes Conditions \u00e0 tout moment. Nous vous informerons de tout changement en publiant les nouvelles Conditions sur le Site. Votre utilisation continue du Site apr\u00e8s la publication des modifications constitue votre acceptation de ces modifications.<\/p>\n\n\n\n<h3 class=\"wp-block-heading\">Contactez-nous<\/h3>\n\n\n\n<p class=\"\">Si vous avez des questions concernant ces Conditions, veuillez nous contacter \u00e0 support@franscan.com.<\/p>\n\n\n\n<p class=\"\">En utilisant FranScan.com, vous reconnaissez avoir lu, compris et accept\u00e9 d'\u00eatre li\u00e9 par ces Conditions d'utilisation.<\/p>\n\n\n\n<p class=\"\"><\/p>","protected":false},"excerpt":{"rendered":"<p>Introduction Bienvenue sur FranScan.com. FranScan (\u00abnous\u00bb, \u00abnotre\u00bb ou \u00abnous\u00bb) vous fournit une plateforme en ligne pour rechercher, comparer et analyser les opportunit\u00e9s de franchise.\u00a0 En cr\u00e9ant un compte chez nous, ou en utilisant autrement nos sites Web, r\u00e9seaux, applications mobiles ou autres services ou contenus fournis par nous (collectivement, les \u00ab Services \u00bb), vous acceptez les pr\u00e9sentes Conditions d'utilisation, [...]<\/p>","protected":false},"author":1,"featured_media":0,"parent":0,"menu_order":0,"comment_status":"closed","ping_status":"closed","template":"","meta":{"nf_dc_page":"","om_disable_all_campaigns":false,"footnotes":""},"class_list":["post-25","page","type-page","status-publish","hentry"],"yoast_head":"<!-- This site is optimized with the Yoast SEO plugin v27.4 - https:\/\/yoast.com\/product\/yoast-seo-wordpress\/ -->\n<title>Terms of Service - FranScan<\/title>\n<meta name=\"robots\" content=\"index, follow, max-snippet:-1, max-image-preview:large, max-video-preview:-1\" \/>\n<link rel=\"canonical\" href=\"https:\/\/franscan.com\/fr\/terms-of-service\/\" \/>\n<meta property=\"og:locale\" content=\"fr_FR\" \/>\n<meta property=\"og:type\" content=\"article\" \/>\n<meta property=\"og:title\" content=\"Terms of Service - FranScan\" \/>\n<meta property=\"og:description\" content=\"Introduction Welcome to FranScan.com. FranScan (&#8220;we,&#8221; &#8220;our,&#8221; or &#8220;us&#8221;) provides an online platform for you to research, compare, and analyze franchise opportunities.&nbsp; By creating an account with us, or by otherwise using our websites, networks, mobile applications, or other services or content provided by us (collectively, the \u201cServices\u201d), you agree to these Terms of Service, [&hellip;]\" \/>\n<meta property=\"og:url\" content=\"https:\/\/franscan.com\/fr\/terms-of-service\/\" \/>\n<meta property=\"og:site_name\" content=\"FranScan\" \/>\n<meta property=\"article:publisher\" content=\"https:\/\/www.facebook.com\/franscanglobal\" \/>\n<meta property=\"article:modified_time\" content=\"2025-11-06T09:39:04+00:00\" \/>\n<meta property=\"og:image\" content=\"https:\/\/i0.wp.com\/franscan.com\/wp-content\/uploads\/2025\/07\/FranScan-Logo-1-Black.png?fit=500%2C500&ssl=1\" \/>\n\t<meta property=\"og:image:width\" content=\"500\" \/>\n\t<meta property=\"og:image:height\" content=\"500\" \/>\n\t<meta property=\"og:image:type\" content=\"image\/png\" \/>\n<meta name=\"twitter:card\" content=\"summary_large_image\" \/>\n<meta name=\"twitter:label1\" content=\"Dur\u00e9e de lecture estim\u00e9e\" \/>\n\t<meta name=\"twitter:data1\" content=\"7 minutes\" \/>\n<script type=\"application\/ld+json\" class=\"yoast-schema-graph\">{\"@context\":\"https:\\\/\\\/schema.org\",\"@graph\":[{\"@type\":\"WebPage\",\"@id\":\"https:\\\/\\\/franscan.com\\\/terms-of-service\\\/\",\"url\":\"https:\\\/\\\/franscan.com\\\/terms-of-service\\\/\",\"name\":\"Terms of Service - FranScan\",\"isPartOf\":{\"@id\":\"https:\\\/\\\/franscan.com\\\/#website\"},\"datePublished\":\"2025-11-06T09:39:01+00:00\",\"dateModified\":\"2025-11-06T09:39:04+00:00\",\"breadcrumb\":{\"@id\":\"https:\\\/\\\/franscan.com\\\/terms-of-service\\\/#breadcrumb\"},\"inLanguage\":\"fr-FR\",\"potentialAction\":[{\"@type\":\"ReadAction\",\"target\":[\"https:\\\/\\\/franscan.com\\\/terms-of-service\\\/\"]}]},{\"@type\":\"BreadcrumbList\",\"@id\":\"https:\\\/\\\/franscan.com\\\/terms-of-service\\\/#breadcrumb\",\"itemListElement\":[{\"@type\":\"ListItem\",\"position\":1,\"name\":\"Home\",\"item\":\"https:\\\/\\\/franscan.com\\\/\"},{\"@type\":\"ListItem\",\"position\":2,\"name\":\"Terms of Service\"}]},{\"@type\":\"WebSite\",\"@id\":\"https:\\\/\\\/franscan.com\\\/#website\",\"url\":\"https:\\\/\\\/franscan.com\\\/\",\"name\":\"FranScan\",\"description\":\"Explore and compare top franchise business opportunities across Europe and the UK. Find the perfect franchise to grow your entrepreneurial journey with FranScan.\",\"publisher\":{\"@id\":\"https:\\\/\\\/franscan.com\\\/#organization\"},\"potentialAction\":[{\"@type\":\"SearchAction\",\"target\":{\"@type\":\"EntryPoint\",\"urlTemplate\":\"https:\\\/\\\/franscan.com\\\/?s={search_term_string}\"},\"query-input\":{\"@type\":\"PropertyValueSpecification\",\"valueRequired\":true,\"valueName\":\"search_term_string\"}}],\"inLanguage\":\"fr-FR\"},{\"@type\":\"Organization\",\"@id\":\"https:\\\/\\\/franscan.com\\\/#organization\",\"name\":\"FranScan\",\"url\":\"https:\\\/\\\/franscan.com\\\/\",\"logo\":{\"@type\":\"ImageObject\",\"inLanguage\":\"fr-FR\",\"@id\":\"https:\\\/\\\/franscan.com\\\/#\\\/schema\\\/logo\\\/image\\\/\",\"url\":\"https:\\\/\\\/i0.wp.com\\\/franscan.com\\\/wp-content\\\/uploads\\\/2025\\\/10\\\/FranScan-Logo-1-Black-edited.png?fit=500%2C281&ssl=1\",\"contentUrl\":\"https:\\\/\\\/i0.wp.com\\\/franscan.com\\\/wp-content\\\/uploads\\\/2025\\\/10\\\/FranScan-Logo-1-Black-edited.png?fit=500%2C281&ssl=1\",\"width\":500,\"height\":281,\"caption\":\"FranScan\"},\"image\":{\"@id\":\"https:\\\/\\\/franscan.com\\\/#\\\/schema\\\/logo\\\/image\\\/\"},\"sameAs\":[\"https:\\\/\\\/www.facebook.com\\\/franscanglobal\",\"https:\\\/\\\/www.linkedin.com\\\/company\\\/franscan\\\/\",\"https:\\\/\\\/www.instagram.com\\\/FranScanGlobal\\\/\"]}]}<\/script>\n<!-- \/ Yoast SEO plugin. -->","yoast_head_json":{"title":"Terms of Service - FranScan","robots":{"index":"index","follow":"follow","max-snippet":"max-snippet:-1","max-image-preview":"max-image-preview:large","max-video-preview":"max-video-preview:-1"},"canonical":"https:\/\/franscan.com\/fr\/terms-of-service\/","og_locale":"fr_FR","og_type":"article","og_title":"Terms of Service - FranScan","og_description":"Introduction Welcome to FranScan.com. FranScan (&#8220;we,&#8221; &#8220;our,&#8221; or &#8220;us&#8221;) provides an online platform for you to research, compare, and analyze franchise opportunities.&nbsp; By creating an account with us, or by otherwise using our websites, networks, mobile applications, or other services or content provided by us (collectively, the \u201cServices\u201d), you agree to these Terms of Service, [&hellip;]","og_url":"https:\/\/franscan.com\/fr\/terms-of-service\/","og_site_name":"FranScan","article_publisher":"https:\/\/www.facebook.com\/franscanglobal","article_modified_time":"2025-11-06T09:39:04+00:00","og_image":[{"width":500,"height":500,"url":"https:\/\/i0.wp.com\/franscan.com\/wp-content\/uploads\/2025\/07\/FranScan-Logo-1-Black.png?fit=500%2C500&ssl=1","type":"image\/png"}],"twitter_card":"summary_large_image","twitter_misc":{"Dur\u00e9e de lecture estim\u00e9e":"7 minutes"},"schema":{"@context":"https:\/\/schema.org","@graph":[{"@type":"WebPage","@id":"https:\/\/franscan.com\/terms-of-service\/","url":"https:\/\/franscan.com\/terms-of-service\/","name":"Terms of Service - FranScan","isPartOf":{"@id":"https:\/\/franscan.com\/#website"},"datePublished":"2025-11-06T09:39:01+00:00","dateModified":"2025-11-06T09:39:04+00:00","breadcrumb":{"@id":"https:\/\/franscan.com\/terms-of-service\/#breadcrumb"},"inLanguage":"fr-FR","potentialAction":[{"@type":"ReadAction","target":["https:\/\/franscan.com\/terms-of-service\/"]}]},{"@type":"BreadcrumbList","@id":"https:\/\/franscan.com\/terms-of-service\/#breadcrumb","itemListElement":[{"@type":"ListItem","position":1,"name":"Home","item":"https:\/\/franscan.com\/"},{"@type":"ListItem","position":2,"name":"Terms of Service"}]},{"@type":"WebSite","@id":"https:\/\/franscan.com\/#website","url":"https:\/\/franscan.com\/","name":"FranScan","description":"Explore and compare top franchise business opportunities across Europe and the UK. Find the perfect franchise to grow your entrepreneurial journey with FranScan.","publisher":{"@id":"https:\/\/franscan.com\/#organization"},"potentialAction":[{"@type":"SearchAction","target":{"@type":"EntryPoint","urlTemplate":"https:\/\/franscan.com\/?s={search_term_string}"},"query-input":{"@type":"PropertyValueSpecification","valueRequired":true,"valueName":"search_term_string"}}],"inLanguage":"fr-FR"},{"@type":"Organization","@id":"https:\/\/franscan.com\/#organization","name":"FranScan","url":"https:\/\/franscan.com\/","logo":{"@type":"ImageObject","inLanguage":"fr-FR","@id":"https:\/\/franscan.com\/#\/schema\/logo\/image\/","url":"https:\/\/i0.wp.com\/franscan.com\/wp-content\/uploads\/2025\/10\/FranScan-Logo-1-Black-edited.png?fit=500%2C281&ssl=1","contentUrl":"https:\/\/i0.wp.com\/franscan.com\/wp-content\/uploads\/2025\/10\/FranScan-Logo-1-Black-edited.png?fit=500%2C281&ssl=1","width":500,"height":281,"caption":"FranScan"},"image":{"@id":"https:\/\/franscan.com\/#\/schema\/logo\/image\/"},"sameAs":["https:\/\/www.facebook.com\/franscanglobal","https:\/\/www.linkedin.com\/company\/franscan\/","https:\/\/www.instagram.com\/FranScanGlobal\/"]}]}},"jetpack_sharing_enabled":true,"_links":{"self":[{"href":"https:\/\/franscan.com\/fr\/wp-json\/wp\/v2\/pages\/25","targetHints":{"allow":["GET"]}}],"collection":[{"href":"https:\/\/franscan.com\/fr\/wp-json\/wp\/v2\/pages"}],"about":[{"href":"https:\/\/franscan.com\/fr\/wp-json\/wp\/v2\/types\/page"}],"author":[{"embeddable":true,"href":"https:\/\/franscan.com\/fr\/wp-json\/wp\/v2\/users\/1"}],"replies":[{"embeddable":true,"href":"https:\/\/franscan.com\/fr\/wp-json\/wp\/v2\/comments?post=25"}],"version-history":[{"count":3,"href":"https:\/\/franscan.com\/fr\/wp-json\/wp\/v2\/pages\/25\/revisions"}],"predecessor-version":[{"id":172,"href":"https:\/\/franscan.com\/fr\/wp-json\/wp\/v2\/pages\/25\/revisions\/172"}],"wp:attachment":[{"href":"https:\/\/franscan.com\/fr\/wp-json\/wp\/v2\/media?parent=25"}],"curies":[{"name":"wp","href":"https:\/\/api.w.org\/{rel}","templated":true}]}}