{"id":25,"date":"2025-11-06T09:39:01","date_gmt":"2025-11-06T09:39:01","guid":{"rendered":"https:\/\/lov.cxy.mybluehost.me\/website_5eb5ef21\/?page_id=25"},"modified":"2025-11-06T09:39:04","modified_gmt":"2025-11-06T09:39:04","slug":"terms-of-service","status":"publish","type":"page","link":"https:\/\/franscan.com\/es\/terms-of-service\/","title":{"rendered":"T\u00e9rminos de servicio"},"content":{"rendered":"<h3 class=\"wp-block-heading\">Introducci\u00f3n<\/h3>\n\n\n\n<p class=\"\">Bienvenido a FranScan.com. FranScan (\u00abnosotros\u00bb, \u00abnuestro\u00bb o \u00abnosotros\u00bb) le ofrece una plataforma en l\u00ednea para investigar, comparar y analizar oportunidades de franquicia.&nbsp;<\/p>\n\n\n\n<p class=\"\">Al crear una cuenta con nosotros, o al utilizar de otro modo nuestros sitios web, redes, aplicaciones m\u00f3viles u otros servicios o contenidos proporcionados por nosotros (colectivamente, los \u00abServicios\u00bb), acepta estas Condiciones del servicio, nuestro sitio web.&nbsp;<a href=\"https:\/\/franzy.com\/terms-of-use\">T\u00e9rminos de uso<\/a>&nbsp;y nuestro&nbsp;<a href=\"https:\/\/franzy.com\/privacy-policy\">Pol\u00edtica de privacidad<\/a>. Si no est\u00e1 de acuerdo con estos T\u00e9rminos, no puede usar ni intentar usar los Servicios. . Si no est\u00e1 de acuerdo con estos T\u00e9rminos, no puede usar ni intentar usar los Servicios.<\/p>\n\n\n\n<p class=\"\">ESTOS T\u00c9RMINOS CONTIENEN UNA DISPOSICI\u00d3N DE ARBITRAJE VINCULANTE. Por favor, l\u00e9elo atentamente.<\/p>\n\n\n\n<h3 class=\"wp-block-heading\">Uso de los Servicios<\/h3>\n\n\n\n<h4 class=\"wp-block-heading\">Registro de cuenta<\/h4>\n\n\n\n<p class=\"\">Para acceder a ciertas funciones del Sitio, es posible que deba registrarse para obtener una cuenta. Usted acepta proporcionar informaci\u00f3n precisa, actualizada y completa durante el proceso de registro y actualizar dicha informaci\u00f3n para mantenerla precisa, actualizada y completa. Debe tener al menos 18 a\u00f1os de edad para utilizar los Servicios.<\/p>\n\n\n\n<h4 class=\"wp-block-heading\">Seguridad de la cuenta<\/h4>\n\n\n\n<p class=\"\">Usted es responsable de mantener la confidencialidad de la contrase\u00f1a de su cuenta y de todas las actividades que ocurran bajo su cuenta. Usted acepta notificar a FranScan inmediatamente de cualquier uso no autorizado de su cuenta.<\/p>\n\n\n\n<h4 class=\"wp-block-heading\">Restricciones de uso<\/h4>\n\n\n\n<p class=\"\">Los posibles franquiciados deben limitar el uso de los Servicios y materiales proporcionados por FranScan solo a la toma de decisiones internas. Los futuros franquiciados no utilizar\u00e1n los Servicios para participar en ninguna de las \u00abActividades prohibidas\u00bb que se encuentran en las Condiciones de uso del sitio web u otros actos que puedan afectar negativamente a FranScan o a los Servicios. Nos reservamos el derecho de prohibir cualquier actividad o uso, o prohibir cualquier posible franquiciado a nuestra entera discreci\u00f3n.<\/p>\n\n\n\n<h3 class=\"wp-block-heading\">Informaci\u00f3n de Franquicia<\/h3>\n\n\n\n<p class=\"\">Al proporcionar los Servicios, damos a los posibles franquiciados la oportunidad de interactuar con los franquiciadores. Tambi\u00e9n compartimos informaci\u00f3n de posibles franquiciados con franquiciadores.&nbsp;<\/p>\n\n\n\n<h4 class=\"wp-block-heading\">Exactitud de la informaci\u00f3n<\/h4>\n\n\n\n<p class=\"\">FranScan obtiene su informaci\u00f3n de Franchise Disclosure Documents (FDD), fuentes p\u00fablicas y directamente de Franchise Brands. Si bien nos esforzamos por proporcionar informaci\u00f3n precisa y actualizada proporcionada por esas fuentes, no garantizamos la integridad o exactitud de ninguna informaci\u00f3n en el Sitio. La informaci\u00f3n proporcionada en este sitio es solo con fines informativos y no constituye una oferta de venta o la solicitud de una oferta para comprar una franquicia.&nbsp;<\/p>\n\n\n\n<h4 class=\"wp-block-heading\">Ninguna oferta de franquicia<\/h4>\n\n\n\n<p class=\"\">Cualquier oferta de franquicia hecha es por Franchise Brand a trav\u00e9s de un Documento de Divulgaci\u00f3n de Franquicia (FDD) registrado en el pa\u00eds correspondiente. Ni la informaci\u00f3n en el Sitio ni los Servicios constituyen la oferta de una franquicia, ya sea que dicha oferta o solicitud se considere o no prohibida por la ley o la regulaci\u00f3n. Se aconseja a los posibles franquiciados que revisen el FDD y consulten con asesores legales y financieros antes de tomar cualquier decisi\u00f3n de invertir en una oportunidad de franquicia. FranScan no verifica las afirmaciones hechas por Franchise Brands, y los posibles franquiciados deben llevar a cabo su propia diligencia debida. FranScan no es responsable del resultado de los compromisos entre un posible franquiciado y una marca de franquicia.<\/p>\n\n\n\n<h3 class=\"wp-block-heading\">Consultores y Asesores<\/h3>\n\n\n\n<h4 class=\"wp-block-heading\">No-Agencia<\/h4>\n\n\n\n<p class=\"\">FranScan Franchise Advisors proporciona asesoramiento y apoyo para navegar por el Sitio, pero no act\u00faa como agente de la venta y no puede influir en la decisi\u00f3n de compra. El Sitio contiene informaci\u00f3n p\u00fablica que es proporcionada directamente por las Marcas de Franquicias.<\/p>\n\n\n\n<h3 class=\"wp-block-heading\">Propiedad intelectual<\/h3>\n\n\n\n<h4 class=\"wp-block-heading\">Propiedad<\/h4>\n\n\n\n<p class=\"\">Todo el contenido, las caracter\u00edsticas y la funcionalidad del Sitio, incluidos textos, gr\u00e1ficos, logotipos, im\u00e1genes y software, son propiedad exclusiva de FranScan o sus licenciantes y est\u00e1n protegidos por derechos de autor, marcas comerciales, patentes, secretos comerciales y otras leyes de propiedad intelectual.<\/p>\n\n\n\n<h4 class=\"wp-block-heading\">Restricciones<\/h4>\n\n\n\n<p class=\"\">Usted no puede copiar, modificar, distribuir, vender o arrendar ninguna parte del Sitio o su contenido sin el consentimiento previo por escrito de FranScan.<\/p>\n\n\n\n<h3 class=\"wp-block-heading\">descargo<\/h3>\n\n\n\n<p class=\"\">LOS SERVICIOS SE PROPORCIONAN \u00abTAL CUAL\u00bb Y \u00abTAL CUAL\u00bb, Y NI FRANSCAN NI NING\u00daN DE SUS FUNCIONARIOS, DIRECTORES, AGENTES, REPRESENTANTES, SUBSIDIARIOS, AFILIADOS O PROVEEDORES DE CONTENIDO SER\u00c1N RESPONSABLES O RESPONSABLES CON RESPECTO A LOS SERVICIOS. FRANSCAN NO HACE NINGUNA REPRESENTACI\u00d3N Y GARANT\u00cdA, Y EN LA MEDIDA M\u00c1XIMA PERMITIDA POR LA LEY APLICABLE, FRANSCAN RENUNCIA ESPEC\u00cdFICAMENTE A CUALQUIER Y TODAS LAS GARANT\u00cdAS Y REPRESENTACIONES, EXPRESAS O IMPL\u00cdCITAS, INCLUIDAS LAS GARANT\u00cdAS IMPL\u00cdCITAS DE COMERCIABILIDAD Y ADECUACI\u00d3N PARA UN PROP\u00d3SITO O USO PARTICULAR (INCLUYENDO O NO SE HA DIVULGADO EL PROP\u00d3SITO O EL USO), GARANT\u00cdAS DE T\u00cdTULO Y NO INFRACCI\u00d3N, CUALQUIER OBLIGACI\u00d3N DE INDEMNIFICACI\u00d3N IMPL\u00cdCITA U OTRA GARANT\u00cdA QUE SURJA DEL USO COMERCIAL O DE LA PERSONANCIA, CON RESPECTO A CUALQUIER FORMA DEL SERVICIO DE LOS FRANSCANS O LA PLAFORMA.&nbsp;<\/p>\n\n\n\n<h3 class=\"wp-block-heading\">Limitaci\u00f3n de responsabilidad<\/h3>\n\n\n\n<p class=\"\">En la mayor medida permitida por la ley, FranScan no ser\u00e1 responsable de ning\u00fan da\u00f1o indirecto, incidental, especial, consecuente o punitivo, o cualquier p\u00e9rdida de ganancias o ingresos, ya sea que se incurra directa o indirectamente, o cualquier p\u00e9rdida de datos, uso, fondo de comercio u otras p\u00e9rdidas intangibles, resultantes de:<\/p>\n\n\n\n<ul class=\"wp-block-list\">\n<li class=\"\">Su uso o incapacidad para usar los Servicios<\/li>\n\n\n\n<li class=\"\">Cualquier acceso o uso no autorizado de los Servicios<\/li>\n\n\n\n<li class=\"\">Cualquier interrupci\u00f3n o cese de la transmisi\u00f3n hacia o desde los Servicios<\/li>\n\n\n\n<li class=\"\">Cualquier error, virus, troyanos o similares que puedan ser transmitidos a o a trav\u00e9s de los Servicios por cualquier tercero.<\/li>\n\n\n\n<li class=\"\">Cualquier error u omisi\u00f3n en cualquier contenido o por cualquier p\u00e9rdida o da\u00f1o incurrido como resultado de su uso de cualquier contenido publicado, enviado por correo electr\u00f3nico, transmitido o puesto a disposici\u00f3n a trav\u00e9s de los Servicios.<\/li>\n<\/ul>\n\n\n\n<h3 class=\"wp-block-heading\">Indemnizaci\u00f3n y liberaci\u00f3n<\/h3>\n\n\n\n<p class=\"\">Usted se compromete a indemnizar, defender y eximir de responsabilidad a FranScan y sus filiales, funcionarios, directores, empleados y agentes frente a todas y cada una de las reclamaciones, responsabilidades, da\u00f1os, p\u00e9rdidas, costes, gastos o honorarios (incluidos los honorarios razonables de abogados y los costes judiciales) que se deriven de a) su uso de los Servicios o su acceso a ellos en general; (b) cualquier violaci\u00f3n de estos T\u00e9rminos o los T\u00e9rminos de uso del sitio web por su parte; (c) cualquier bien o servicio adquirido por usted de conformidad con los Servicios; (d) o cualquier reclamaci\u00f3n relacionada con su relaci\u00f3n o interacciones con Franchise Brands; o (e) cualquier violaci\u00f3n de cualquier derecho de otro o da\u00f1o que usted pueda haber causado a otro. Tendremos el control exclusivo de la defensa de cualquier da\u00f1o o reclamo.&nbsp;<\/p>\n\n\n\n<p class=\"\">Usted es el \u00fanico responsable de sus interacciones con las Marcas de Franquicia y otros usuarios de los Servicios. En la medida en que lo permitan las leyes aplicables, usted nos exime de cualquier reclamo o responsabilidad relacionada con cualquier producto o servicio de una Marca de Franquicia, cualquier acci\u00f3n u inacci\u00f3n de una Marca de Franquicia, incluido el incumplimiento de las leyes u obligaciones aplicables hacia usted, y cualquier conducta o discurso, ya sea en l\u00ednea o fuera de l\u00ednea, de cualquier otra parte.<\/p>\n\n\n\n<h3 class=\"wp-block-heading\">Nuestros derechos y remedios<\/h3>\n\n\n\n<p class=\"\">Si incumple estos T\u00e9rminos, sus obligaciones legales o cualquier otro acuerdo con nosotros, podemos buscar cualquier recurso legal o equitativo disponible, incluidos, entre otros, da\u00f1os directos, consecuentes y punitivos y medidas cautelares. Nuestros remedios son acumulativos y no exclusivos. Nuestra falta de ejercicio de cualquier recurso o aplicaci\u00f3n de cualquier parte de estos T\u00e9rminos no funcionar\u00e1 como una renuncia a cualquier recurso o del derecho a hacer cumplir cualquier parte de los T\u00e9rminos en cualquier momento posterior. Si se determina que alguna disposici\u00f3n de estos T\u00e9rminos es inaplicable o inv\u00e1lida, dicha disposici\u00f3n se limitar\u00e1 o eliminar\u00e1 en la medida m\u00ednima necesaria para que los T\u00e9rminos permanezcan en pleno vigor y efecto y exigibles, y usted y nosotros acordamos que dicho tribunal debe incorporar una disposici\u00f3n similar que se considerar\u00eda v\u00e1lida, y todas las dem\u00e1s disposiciones siguen siendo v\u00e1lidas en el Acuerdo. Estos T\u00e9rminos no son asignables, transferibles o sublicenciables por usted, excepto con nuestro consentimiento previo por escrito. Podemos transferir, ceder o delegar los T\u00e9rminos y sus derechos y obligaciones sin consentimiento. Los usuarios del Sitio y los Servicios son responsables del cumplimiento de todas las regulaciones y leyes aplicables. No existe ninguna empresa conjunta, asociaci\u00f3n, relaci\u00f3n de empleo o agencia entre usted y nosotros como resultado de estos T\u00e9rminos o su uso de los Sitios y Servicios. Usted reconoce y acepta que cada una de las Partes liberadas ser\u00e1 un tercero beneficiario previsto de estos T\u00e9rminos.<\/p>\n\n\n\n<h3 class=\"wp-block-heading\">Legislaci\u00f3n aplicable \/ Resoluci\u00f3n de litigios<\/h3>\n\n\n\n<p class=\"\">Este Acuerdo se interpretar\u00e1 y aplicar\u00e1 bajo las leyes de Delaware, sin respeto a los conflictos de principios legales.&nbsp;<\/p>\n\n\n\n<p class=\"\">ESTE CONTRATO CONTIENE UNA DISPOSICI\u00d3N DE ARBITRAJE VINCULANTE. POR FAVOR LEA CUIDADOSAMENTE.\u00a0Salvo lo dispuesto a continuaci\u00f3n, las partes primero intentar\u00e1n resolver informalmente cualquier disputa que surja de o se relacione con este Acuerdo. Si las partes no pueden resolver la disputa, se someter\u00e1 a arbitraje vinculante bajo las reglas vigentes en ese momento de la Asociaci\u00f3n Americana de Arbitraje. El arbitraje tendr\u00e1 lugar en Pontevedra, Espa\u00f1a. El arbitraje ser\u00e1 solo de forma individual y no se consolidar\u00e1 con ning\u00fan otro procedimiento. La decisi\u00f3n del \u00e1rbitro o \u00e1rbitros ser\u00e1 definitiva y vinculante para todas las partes.&nbsp;<\/p>\n\n\n\n<p class=\"\">A pesar de este proceso de Resoluci\u00f3n de Disputas, cualquiera de las partes puede solicitar medidas cautelares en cualquier tribunal de jurisdicci\u00f3n competente sobre reclamaciones equitativas para las que no se disponga de un recurso adecuado en la ley.<\/p>\n\n\n\n<p class=\"\">Tales reclamaciones equitativas no son arbitrables ni est\u00e1n sujetas a la determinaci\u00f3n de arbitrabilidad de un \u00e1rbitro. Usted acepta que, independientemente de cualquier estatuto o ley en contrario, cualquier reclamo o causa de acci\u00f3n que surja o est\u00e9 relacionada con su uso del Sitio o los Servicios se presentar\u00e1 dentro de un (1) a\u00f1o despu\u00e9s de que surja dicho reclamo o causa de acci\u00f3n o se prohibir\u00e1 para siempre.<\/p>\n\n\n\n<h3 class=\"wp-block-heading\">Cambios en los T\u00e9rminos<\/h3>\n\n\n\n<p class=\"\">FranScan se reserva el derecho de modificar estos T\u00e9rminos en cualquier momento. Le notificaremos de cualquier cambio publicando los nuevos T\u00e9rminos en el Sitio. Su uso continuado del Sitio despu\u00e9s de la publicaci\u00f3n de los cambios constituye su aceptaci\u00f3n de dichos cambios.<\/p>\n\n\n\n<h3 class=\"wp-block-heading\">Cont\u00e1ctenos<\/h3>\n\n\n\n<p class=\"\">Si tiene alguna pregunta sobre estos T\u00e9rminos, cont\u00e1ctenos en support@franscan.com.<\/p>\n\n\n\n<p class=\"\">Al utilizar FranScan.com, usted reconoce que ha le\u00eddo, entendido y aceptado estar sujeto a estos T\u00e9rminos de Servicio.<\/p>\n\n\n\n<p class=\"\"><\/p>","protected":false},"excerpt":{"rendered":"<p>Introducci\u00f3n Bienvenido a FranScan.com. FranScan (\u00abnosotros\u00bb, \u00abnuestro\u00bb o \u00abnosotros\u00bb) le ofrece una plataforma en l\u00ednea para investigar, comparar y analizar oportunidades de franquicia.\u00a0 Al crear una cuenta con nosotros, o al utilizar de otro modo nuestros sitios web, redes, aplicaciones m\u00f3viles u otros servicios o contenidos proporcionados por nosotros (colectivamente, los \u00abServicios\u00bb), usted acepta estas Condiciones del servicio, [...]<\/p>","protected":false},"author":1,"featured_media":0,"parent":0,"menu_order":0,"comment_status":"closed","ping_status":"closed","template":"","meta":{"nf_dc_page":"","om_disable_all_campaigns":false,"footnotes":""},"class_list":["post-25","page","type-page","status-publish","hentry"],"yoast_head":"<!-- This site is optimized with the Yoast SEO plugin v27.4 - https:\/\/yoast.com\/product\/yoast-seo-wordpress\/ -->\n<title>Terms of Service - FranScan<\/title>\n<meta name=\"robots\" content=\"index, follow, max-snippet:-1, max-image-preview:large, max-video-preview:-1\" \/>\n<link rel=\"canonical\" href=\"https:\/\/franscan.com\/es\/terms-of-service\/\" \/>\n<meta property=\"og:locale\" content=\"es_ES\" \/>\n<meta property=\"og:type\" content=\"article\" \/>\n<meta property=\"og:title\" content=\"Terms of Service - FranScan\" \/>\n<meta property=\"og:description\" content=\"Introduction Welcome to FranScan.com. FranScan (&#8220;we,&#8221; &#8220;our,&#8221; or &#8220;us&#8221;) provides an online platform for you to research, compare, and analyze franchise opportunities.&nbsp; By creating an account with us, or by otherwise using our websites, networks, mobile applications, or other services or content provided by us (collectively, the \u201cServices\u201d), you agree to these Terms of Service, [&hellip;]\" \/>\n<meta property=\"og:url\" content=\"https:\/\/franscan.com\/es\/terms-of-service\/\" \/>\n<meta property=\"og:site_name\" content=\"FranScan\" \/>\n<meta property=\"article:publisher\" content=\"https:\/\/www.facebook.com\/franscanglobal\" \/>\n<meta property=\"article:modified_time\" content=\"2025-11-06T09:39:04+00:00\" \/>\n<meta property=\"og:image\" content=\"https:\/\/i0.wp.com\/franscan.com\/wp-content\/uploads\/2025\/07\/FranScan-Logo-1-Black.png?fit=500%2C500&ssl=1\" \/>\n\t<meta property=\"og:image:width\" content=\"500\" \/>\n\t<meta property=\"og:image:height\" content=\"500\" \/>\n\t<meta property=\"og:image:type\" content=\"image\/png\" \/>\n<meta name=\"twitter:card\" content=\"summary_large_image\" \/>\n<meta name=\"twitter:label1\" content=\"Tiempo de lectura\" \/>\n\t<meta name=\"twitter:data1\" content=\"7 minutos\" \/>\n<script type=\"application\/ld+json\" class=\"yoast-schema-graph\">{\"@context\":\"https:\\\/\\\/schema.org\",\"@graph\":[{\"@type\":\"WebPage\",\"@id\":\"https:\\\/\\\/franscan.com\\\/terms-of-service\\\/\",\"url\":\"https:\\\/\\\/franscan.com\\\/terms-of-service\\\/\",\"name\":\"Terms of Service - FranScan\",\"isPartOf\":{\"@id\":\"https:\\\/\\\/franscan.com\\\/#website\"},\"datePublished\":\"2025-11-06T09:39:01+00:00\",\"dateModified\":\"2025-11-06T09:39:04+00:00\",\"breadcrumb\":{\"@id\":\"https:\\\/\\\/franscan.com\\\/terms-of-service\\\/#breadcrumb\"},\"inLanguage\":\"es\",\"potentialAction\":[{\"@type\":\"ReadAction\",\"target\":[\"https:\\\/\\\/franscan.com\\\/terms-of-service\\\/\"]}]},{\"@type\":\"BreadcrumbList\",\"@id\":\"https:\\\/\\\/franscan.com\\\/terms-of-service\\\/#breadcrumb\",\"itemListElement\":[{\"@type\":\"ListItem\",\"position\":1,\"name\":\"Home\",\"item\":\"https:\\\/\\\/franscan.com\\\/\"},{\"@type\":\"ListItem\",\"position\":2,\"name\":\"Terms of Service\"}]},{\"@type\":\"WebSite\",\"@id\":\"https:\\\/\\\/franscan.com\\\/#website\",\"url\":\"https:\\\/\\\/franscan.com\\\/\",\"name\":\"FranScan\",\"description\":\"Explore and compare top franchise business opportunities across Europe and the UK. Find the perfect franchise to grow your entrepreneurial journey with FranScan.\",\"publisher\":{\"@id\":\"https:\\\/\\\/franscan.com\\\/#organization\"},\"potentialAction\":[{\"@type\":\"SearchAction\",\"target\":{\"@type\":\"EntryPoint\",\"urlTemplate\":\"https:\\\/\\\/franscan.com\\\/?s={search_term_string}\"},\"query-input\":{\"@type\":\"PropertyValueSpecification\",\"valueRequired\":true,\"valueName\":\"search_term_string\"}}],\"inLanguage\":\"es\"},{\"@type\":\"Organization\",\"@id\":\"https:\\\/\\\/franscan.com\\\/#organization\",\"name\":\"FranScan\",\"url\":\"https:\\\/\\\/franscan.com\\\/\",\"logo\":{\"@type\":\"ImageObject\",\"inLanguage\":\"es\",\"@id\":\"https:\\\/\\\/franscan.com\\\/#\\\/schema\\\/logo\\\/image\\\/\",\"url\":\"https:\\\/\\\/i0.wp.com\\\/franscan.com\\\/wp-content\\\/uploads\\\/2025\\\/10\\\/FranScan-Logo-1-Black-edited.png?fit=500%2C281&ssl=1\",\"contentUrl\":\"https:\\\/\\\/i0.wp.com\\\/franscan.com\\\/wp-content\\\/uploads\\\/2025\\\/10\\\/FranScan-Logo-1-Black-edited.png?fit=500%2C281&ssl=1\",\"width\":500,\"height\":281,\"caption\":\"FranScan\"},\"image\":{\"@id\":\"https:\\\/\\\/franscan.com\\\/#\\\/schema\\\/logo\\\/image\\\/\"},\"sameAs\":[\"https:\\\/\\\/www.facebook.com\\\/franscanglobal\",\"https:\\\/\\\/www.linkedin.com\\\/company\\\/franscan\\\/\",\"https:\\\/\\\/www.instagram.com\\\/FranScanGlobal\\\/\"]}]}<\/script>\n<!-- \/ Yoast SEO plugin. -->","yoast_head_json":{"title":"Terms of Service - FranScan","robots":{"index":"index","follow":"follow","max-snippet":"max-snippet:-1","max-image-preview":"max-image-preview:large","max-video-preview":"max-video-preview:-1"},"canonical":"https:\/\/franscan.com\/es\/terms-of-service\/","og_locale":"es_ES","og_type":"article","og_title":"Terms of Service - FranScan","og_description":"Introduction Welcome to FranScan.com. FranScan (&#8220;we,&#8221; &#8220;our,&#8221; or &#8220;us&#8221;) provides an online platform for you to research, compare, and analyze franchise opportunities.&nbsp; By creating an account with us, or by otherwise using our websites, networks, mobile applications, or other services or content provided by us (collectively, the \u201cServices\u201d), you agree to these Terms of Service, [&hellip;]","og_url":"https:\/\/franscan.com\/es\/terms-of-service\/","og_site_name":"FranScan","article_publisher":"https:\/\/www.facebook.com\/franscanglobal","article_modified_time":"2025-11-06T09:39:04+00:00","og_image":[{"width":500,"height":500,"url":"https:\/\/i0.wp.com\/franscan.com\/wp-content\/uploads\/2025\/07\/FranScan-Logo-1-Black.png?fit=500%2C500&ssl=1","type":"image\/png"}],"twitter_card":"summary_large_image","twitter_misc":{"Tiempo de lectura":"7 minutos"},"schema":{"@context":"https:\/\/schema.org","@graph":[{"@type":"WebPage","@id":"https:\/\/franscan.com\/terms-of-service\/","url":"https:\/\/franscan.com\/terms-of-service\/","name":"Terms of Service - FranScan","isPartOf":{"@id":"https:\/\/franscan.com\/#website"},"datePublished":"2025-11-06T09:39:01+00:00","dateModified":"2025-11-06T09:39:04+00:00","breadcrumb":{"@id":"https:\/\/franscan.com\/terms-of-service\/#breadcrumb"},"inLanguage":"es","potentialAction":[{"@type":"ReadAction","target":["https:\/\/franscan.com\/terms-of-service\/"]}]},{"@type":"BreadcrumbList","@id":"https:\/\/franscan.com\/terms-of-service\/#breadcrumb","itemListElement":[{"@type":"ListItem","position":1,"name":"Home","item":"https:\/\/franscan.com\/"},{"@type":"ListItem","position":2,"name":"Terms of Service"}]},{"@type":"WebSite","@id":"https:\/\/franscan.com\/#website","url":"https:\/\/franscan.com\/","name":"FranScan","description":"Explore and compare top franchise business opportunities across Europe and the UK. Find the perfect franchise to grow your entrepreneurial journey with FranScan.","publisher":{"@id":"https:\/\/franscan.com\/#organization"},"potentialAction":[{"@type":"SearchAction","target":{"@type":"EntryPoint","urlTemplate":"https:\/\/franscan.com\/?s={search_term_string}"},"query-input":{"@type":"PropertyValueSpecification","valueRequired":true,"valueName":"search_term_string"}}],"inLanguage":"es"},{"@type":"Organization","@id":"https:\/\/franscan.com\/#organization","name":"FranScan","url":"https:\/\/franscan.com\/","logo":{"@type":"ImageObject","inLanguage":"es","@id":"https:\/\/franscan.com\/#\/schema\/logo\/image\/","url":"https:\/\/i0.wp.com\/franscan.com\/wp-content\/uploads\/2025\/10\/FranScan-Logo-1-Black-edited.png?fit=500%2C281&ssl=1","contentUrl":"https:\/\/i0.wp.com\/franscan.com\/wp-content\/uploads\/2025\/10\/FranScan-Logo-1-Black-edited.png?fit=500%2C281&ssl=1","width":500,"height":281,"caption":"FranScan"},"image":{"@id":"https:\/\/franscan.com\/#\/schema\/logo\/image\/"},"sameAs":["https:\/\/www.facebook.com\/franscanglobal","https:\/\/www.linkedin.com\/company\/franscan\/","https:\/\/www.instagram.com\/FranScanGlobal\/"]}]}},"jetpack_sharing_enabled":true,"_links":{"self":[{"href":"https:\/\/franscan.com\/es\/wp-json\/wp\/v2\/pages\/25","targetHints":{"allow":["GET"]}}],"collection":[{"href":"https:\/\/franscan.com\/es\/wp-json\/wp\/v2\/pages"}],"about":[{"href":"https:\/\/franscan.com\/es\/wp-json\/wp\/v2\/types\/page"}],"author":[{"embeddable":true,"href":"https:\/\/franscan.com\/es\/wp-json\/wp\/v2\/users\/1"}],"replies":[{"embeddable":true,"href":"https:\/\/franscan.com\/es\/wp-json\/wp\/v2\/comments?post=25"}],"version-history":[{"count":3,"href":"https:\/\/franscan.com\/es\/wp-json\/wp\/v2\/pages\/25\/revisions"}],"predecessor-version":[{"id":172,"href":"https:\/\/franscan.com\/es\/wp-json\/wp\/v2\/pages\/25\/revisions\/172"}],"wp:attachment":[{"href":"https:\/\/franscan.com\/es\/wp-json\/wp\/v2\/media?parent=25"}],"curies":[{"name":"wp","href":"https:\/\/api.w.org\/{rel}","templated":true}]}}