{"id":25,"date":"2025-11-06T09:39:01","date_gmt":"2025-11-06T09:39:01","guid":{"rendered":"https:\/\/lov.cxy.mybluehost.me\/website_5eb5ef21\/?page_id=25"},"modified":"2025-11-06T09:39:04","modified_gmt":"2025-11-06T09:39:04","slug":"terms-of-service","status":"publish","type":"page","link":"https:\/\/franscan.com\/de\/terms-of-service\/","title":{"rendered":"Nutzungsbedingungen"},"content":{"rendered":"<h3 class=\"wp-block-heading\">Einleitung<\/h3>\n\n\n\n<p class=\"\">Willkommen bei FranScan.com. FranScan (\u201ewir\u201c, \u201eunser\u201c oder \u201euns\u201c) bietet Ihnen eine Online-Plattform, auf der Sie Franchise-M\u00f6glichkeiten recherchieren, vergleichen und analysieren k\u00f6nnen.&nbsp;<\/p>\n\n\n\n<p class=\"\">Durch die Einrichtung eines Kontos bei uns oder die anderweitige Nutzung unserer Websites, Netzwerke, mobilen Anwendungen oder anderer von uns bereitgestellter Dienste oder Inhalte (zusammen die \u201eDienste\u201c) stimmen Sie diesen Nutzungsbedingungen, unserer Website, zu.&nbsp;<a href=\"https:\/\/franzy.com\/terms-of-use\">Nutzungsbedingungen<\/a>&nbsp;und unsere&nbsp;<a href=\"https:\/\/franzy.com\/privacy-policy\">Datenschutzerkl\u00e4rung<\/a>. Wenn Sie diesen Bedingungen nicht zustimmen, d\u00fcrfen Sie die Dienste nicht nutzen oder versuchen, sie zu nutzen. . Wenn Sie diesen Bedingungen nicht zustimmen, d\u00fcrfen Sie die Dienste nicht nutzen oder versuchen, sie zu nutzen.<\/p>\n\n\n\n<p class=\"\">DIESE BEDINGUNGEN ENTHALTEN EINE VERBINDLICHE VERBINDUNGSBESTIMMUNG. BITTE LESEN SIE ES SORGF\u00c4LTIG.<\/p>\n\n\n\n<h3 class=\"wp-block-heading\">Nutzung der Dienste<\/h3>\n\n\n\n<h4 class=\"wp-block-heading\">Kontoregistrierung<\/h4>\n\n\n\n<p class=\"\">Um auf bestimmte Funktionen der Website zugreifen zu k\u00f6nnen, m\u00fcssen Sie sich m\u00f6glicherweise f\u00fcr ein Konto registrieren. Sie erkl\u00e4ren sich damit einverstanden, w\u00e4hrend des Registrierungsprozesses genaue, aktuelle und vollst\u00e4ndige Informationen bereitzustellen und diese Informationen zu aktualisieren, um sie korrekt, aktuell und vollst\u00e4ndig zu halten. Sie m\u00fcssen mindestens 18 Jahre alt sein, um die Dienste nutzen zu k\u00f6nnen.<\/p>\n\n\n\n<h4 class=\"wp-block-heading\">Kontosicherheit<\/h4>\n\n\n\n<p class=\"\">Sie sind f\u00fcr die Wahrung der Vertraulichkeit Ihres Kontopassworts und f\u00fcr alle Aktivit\u00e4ten, die unter Ihrem Konto stattfinden, verantwortlich. Sie erkl\u00e4ren sich damit einverstanden, FranScan unverz\u00fcglich \u00fcber jede unbefugte Nutzung Ihres Kontos zu informieren.<\/p>\n\n\n\n<h4 class=\"wp-block-heading\">Nutzungsbeschr\u00e4nkungen<\/h4>\n\n\n\n<p class=\"\">Potenzielle Franchisenehmer sollten die Nutzung der von FranScan bereitgestellten Dienste und Materialien nur auf interne Entscheidungen beschr\u00e4nken. Potenzielle Franchisenehmer d\u00fcrfen die Dienste nicht nutzen, um sich an einer der in den Nutzungsbedingungen der Website enthaltenen \u201everbotenen Aktivit\u00e4ten\u201c oder anderen Handlungen zu beteiligen, die sich nachteilig auf FranScan oder die Dienste auswirken w\u00fcrden. Wir behalten uns das Recht vor, solche Aktivit\u00e4ten oder Nutzungen zu verbieten oder potenzielle Franchisenehmer nach unserem alleinigen Ermessen zu verbieten.<\/p>\n\n\n\n<h3 class=\"wp-block-heading\">Franchise-Informationen<\/h3>\n\n\n\n<p class=\"\">Bei der Bereitstellung der Dienste geben wir potenziellen Franchisenehmern die M\u00f6glichkeit, mit Franchisegebern in Kontakt zu treten. Wir teilen auch Informationen von potenziellen Franchisenehmern mit Franchisegebern.&nbsp;<\/p>\n\n\n\n<h4 class=\"wp-block-heading\">Genauigkeit der Informationen<\/h4>\n\n\n\n<p class=\"\">FranScan bezieht seine Informationen aus Franchise Disclosure Documents (FDDs), \u00f6ffentlichen Quellen und direkt von Franchise Brands. Obwohl wir bestrebt sind, genaue und aktuelle Informationen bereitzustellen, die von diesen Quellen bereitgestellt werden, garantieren wir nicht die Vollst\u00e4ndigkeit oder Richtigkeit von Informationen auf der Website. Die auf dieser Website bereitgestellten Informationen dienen nur zu Informationszwecken und stellen kein Angebot zum Verkauf oder die Aufforderung zur Abgabe eines Angebots zum Kauf eines Franchise dar.&nbsp;<\/p>\n\n\n\n<h4 class=\"wp-block-heading\">Kein Franchise-Angebot<\/h4>\n\n\n\n<p class=\"\">Jedes Franchise-Angebot wird von Franchise Brand \u00fcber ein Franchise Disclosure Document (FDD) abgegeben, das im jeweiligen Land registriert ist. Weder die Informationen auf der Website noch die Dienste stellen das Angebot eines Franchise dar, unabh\u00e4ngig davon, ob ein solches Angebot oder eine solche Aufforderung gesetzlich oder gesetzlich als verboten gilt oder nicht. Potenzielle Franchisenehmer sollten die FDD \u00fcberpr\u00fcfen und sich mit Rechts- und Finanzberatern beraten, bevor sie sich entscheiden, in eine Franchise-M\u00f6glichkeit zu investieren. FranScan \u00fcberpr\u00fcft die Anspr\u00fcche von Franchise-Marken nicht, und potenzielle Franchise-Nehmer m\u00fcssen ihre eigene Due Diligence durchf\u00fchren. FranScan ist nicht verantwortlich f\u00fcr das Ergebnis von Engagements zwischen einem potenziellen Franchisenehmer und einer Franchise-Marke.<\/p>\n\n\n\n<h3 class=\"wp-block-heading\">Berater und Berater<\/h3>\n\n\n\n<h4 class=\"wp-block-heading\">Nicht-Agentur<\/h4>\n\n\n\n<p class=\"\">FranScan Franchise Advisors bieten Beratung und Unterst\u00fctzung bei der Navigation auf der Website, handeln jedoch nicht als Vertreter des Verkaufs und k\u00f6nnen die Kaufentscheidung nicht beeinflussen. Die Website enth\u00e4lt \u00f6ffentliche Informationen, die direkt von den Franchise-Marken bereitgestellt werden.<\/p>\n\n\n\n<h3 class=\"wp-block-heading\">Geistiges Eigentum<\/h3>\n\n\n\n<h4 class=\"wp-block-heading\">Eigentum<\/h4>\n\n\n\n<p class=\"\">Alle Inhalte, Funktionen und Funktionen auf der Website, einschlie\u00dflich Text, Grafiken, Logos, Bilder und Software, sind ausschlie\u00dfliches Eigentum von FranScan oder seinen Lizenzgebern und sind durch Urheberrechte, Markenrechte, Patente, Gesch\u00e4ftsgeheimnisse und andere Gesetze zum geistigen Eigentum gesch\u00fctzt.<\/p>\n\n\n\n<h4 class=\"wp-block-heading\">Beschr\u00e4nkungen<\/h4>\n\n\n\n<p class=\"\">Ohne vorherige schriftliche Zustimmung von FranScan ist es Ihnen nicht gestattet, Teile der Website oder deren Inhalt zu kopieren, zu modifizieren, zu verteilen, zu verkaufen oder zu vermieten.<\/p>\n\n\n\n<h3 class=\"wp-block-heading\">Impressum<\/h3>\n\n\n\n<p class=\"\">DIE DIENSTLEISTUNGEN WERDEN AUF DER GRUNDLAGE \u201eWIE BESEHEN\u201c UND \u201eWIE VERF\u00dcGBAR\u201c BEREITGESTELLT, UND WEDER FRANSCAN NOCH IHRE BETREFFENDEN, DIREKTOREN, VERTRETER, VERTRETER, UNTERNEHMEN, VERBUNDENEN ODER INHALTSANGEBOTE SIND F\u00dcR DIE DIE DIENSTLEISTUNGEN VERANTWORTLICH ODER HAFTBAR. FRANSCAN \u00dcBERNIMMT KEINE ZUSICHERUNGEN UND GEW\u00c4HRLEISTUNGEN, UND IM VOLLST\u00c4NDIGEN AUSDR\u00dcCKLICHEN ODER STILLSCHWEIGENDEN ZUST\u00c4NDIGKEITEN, EINSCHLIESSLICH DER STILLSCHWEIGENDEN GEW\u00c4HRLEISTUNGEN DER MARKTG\u00c4NGIGKEIT UND EIGNUNG F\u00dcR EINEN BESTIMMTEN ZWECK ODER NUTZUNG (ODER DER ZWECK ODER DIE NUTZUNG WURDE NICHT AUSGESCHLOSSEN), GEW\u00c4HRLEISTUNGEN DER TITEL UND NICHTVERLETZUNG, JEGLICHE STILLSCHWEIGENDE INDEMIFIZIERUNGSVERPFLICHTUNGEN ODER ANDERE GEW\u00c4HRLEISTUNGEN, DIE AUS HANDELSVERWENDUNG ODER ZOLLE GEW\u00c4HRLEISTUNGEN GEW\u00c4HRLEISTET WERDEN, IN BEZUG AUF EINEN BEZUG AUF DIE FRANSTEN ODER DIE PLATTUNGEN.&nbsp;<\/p>\n\n\n\n<h3 class=\"wp-block-heading\">Haftungsbeschr\u00e4nkung<\/h3>\n\n\n\n<p class=\"\">Soweit gesetzlich zul\u00e4ssig, haftet FranScan nicht f\u00fcr indirekte, zuf\u00e4llige, besondere, Folge- oder Strafsch\u00e4den oder entgangene Gewinne oder Einnahmen, unabh\u00e4ngig davon, ob sie direkt oder indirekt anfallen, oder f\u00fcr Datenverluste, Nutzungsverluste, Gesch\u00e4fts- oder Firmenwerte oder andere immaterielle Verluste, die sich ergeben aus:<\/p>\n\n\n\n<ul class=\"wp-block-list\">\n<li class=\"\">Ihre Nutzung oder Unf\u00e4higkeit, die Dienste zu nutzen<\/li>\n\n\n\n<li class=\"\">Jeglicher unbefugter Zugriff auf oder die Nutzung der Dienste<\/li>\n\n\n\n<li class=\"\">Jegliche Unterbrechung oder Einstellung der \u00dcbertragung zu oder von den Diensten<\/li>\n\n\n\n<li class=\"\">Alle Bugs, Viren, Trojaner oder dergleichen, die von Dritten an oder \u00fcber die Dienste \u00fcbertragen werden k\u00f6nnen<\/li>\n\n\n\n<li class=\"\">Fehler oder Auslassungen in Inhalten oder f\u00fcr Verluste oder Sch\u00e4den, die durch Ihre Nutzung von Inhalten entstehen, die \u00fcber die Dienste gepostet, per E-Mail gesendet, \u00fcbertragen oder anderweitig zur Verf\u00fcgung gestellt werden<\/li>\n<\/ul>\n\n\n\n<h3 class=\"wp-block-heading\">Freistellung und Freistellung<\/h3>\n\n\n\n<p class=\"\">Sie erkl\u00e4ren sich damit einverstanden, FranScan und seine verbundenen Unternehmen, leitenden Angestellten, Direktoren, Mitarbeiter und Vertreter von allen Anspr\u00fcchen, Verbindlichkeiten, Sch\u00e4den, Verlusten, Kosten, Ausgaben oder Geb\u00fchren (einschlie\u00dflich angemessener Anwalts- und Gerichtskosten) freizustellen, zu verteidigen und schadlos zu halten, die sich aus (a) Ihrer Nutzung oder Ihrem Zugriff auf die Dienste im Allgemeinen ergeben; (b) jede Verletzung dieser Nutzungsbedingungen oder der Website-Nutzungsbedingungen durch Sie; (c) alle Waren oder Dienstleistungen, die Sie im Rahmen der Dienstleistungen erworben haben; (d) oder jegliche Anspr\u00fcche im Zusammenhang mit Ihrer Beziehung oder Interaktionen mit Franchise-Marken; oder (e) jede Verletzung von Rechten eines anderen oder Schaden, den Sie einem anderen zugef\u00fcgt haben. Wir haben die alleinige Kontrolle \u00fcber die Verteidigung solcher Sch\u00e4den oder Anspr\u00fcche.&nbsp;<\/p>\n\n\n\n<p class=\"\">Sie sind allein verantwortlich f\u00fcr Ihre Interaktionen mit den Franchise-Marken und anderen Nutzern der Dienste. Soweit dies nach geltendem Recht zul\u00e4ssig ist, befreien Sie uns hiermit von allen Anspr\u00fcchen oder Haftungsanspr\u00fcchen im Zusammenhang mit Produkten oder Dienstleistungen einer Franchise-Marke, Handlungen oder Unterlassungen einer Franchise-Marke, einschlie\u00dflich der Nichteinhaltung geltender Gesetze oder Verpflichtungen Ihnen gegen\u00fcber, und jeglichem Verhalten oder jeder Rede, ob online oder offline, einer anderen Partei.<\/p>\n\n\n\n<h3 class=\"wp-block-heading\">Unsere Rechte und Rechtsmittel<\/h3>\n\n\n\n<p class=\"\">Wenn Sie gegen diese Bedingungen, Ihre gesetzlichen Verpflichtungen oder eine andere Vereinbarung mit uns versto\u00dfen, k\u00f6nnen wir alle verf\u00fcgbaren rechtlichen oder gerechten Rechtsmittel verfolgen, einschlie\u00dflich, aber nicht beschr\u00e4nkt auf direkte, Folge- und Strafschadensersatzanspr\u00fcche und Unterlassungsanspr\u00fcche. Unsere Abhilfema\u00dfnahmen sind kumulativ und nicht exklusiv. Unser Vers\u00e4umnis, Abhilfema\u00dfnahmen auszu\u00fcben oder einen Teil dieser Bedingungen durchzusetzen, gilt nicht als Verzicht auf Abhilfema\u00dfnahmen oder das Recht, einen Teil der Bedingungen jederzeit danach durchzusetzen. Wenn eine Bestimmung dieser Bedingungen f\u00fcr nicht durchsetzbar oder ung\u00fcltig befunden wird, wird diese Bestimmung auf das erforderliche Mindestma\u00df beschr\u00e4nkt oder beseitigt, so dass die Bedingungen ansonsten in vollem Umfang in Kraft und wirksam und durchsetzbar bleiben, und Sie und wir vereinbaren, dass ein solches Gericht eine \u00e4hnliche Bestimmung aufnehmen sollte, die als g\u00fcltig gelten w\u00fcrde, wobei alle anderen Bestimmungen in der Vereinbarung g\u00fcltig bleiben. Diese Bedingungen sind von Ihnen nur mit unserer vorherigen schriftlichen Zustimmung abtretbar, \u00fcbertragbar oder unterlizenzierbar. Wir k\u00f6nnen die Bedingungen und ihre Rechte und Pflichten ohne Zustimmung \u00fcbertragen, abtreten oder delegieren. Die Benutzer der Website und der Dienste sind f\u00fcr die Einhaltung aller geltenden Vorschriften und Gesetze verantwortlich. Aufgrund dieser Bedingungen oder Ihrer Nutzung der Websites und Dienste besteht kein Joint Venture, keine Partnerschaft, kein Arbeitsverh\u00e4ltnis oder keine Agenturbeziehung zwischen Ihnen und uns. Sie erkennen an und stimmen zu, dass jede der freigegebenen Parteien ein beabsichtigter Drittbeg\u00fcnstigter dieser Bedingungen ist.<\/p>\n\n\n\n<h3 class=\"wp-block-heading\">Anwendbares Recht \/ Streitbeilegung<\/h3>\n\n\n\n<p class=\"\">Diese Vereinbarung wird unter den Gesetzen von Delaware ausgelegt und durchgesetzt, ohne R\u00fccksicht auf Kollisionsnormen.&nbsp;<\/p>\n\n\n\n<p class=\"\">DIESES VERTRAG ENTHALTEN EINE VERBINDLICHE VERBINDUNGSBESTIMMUNG. BITTE LESEN SIE SORGF\u00c4LTIG.\u00a0Vorbehaltlich der nachstehenden Bestimmungen werden die Parteien zun\u00e4chst versuchen, alle Streitigkeiten, die sich aus oder im Zusammenhang mit dieser Vereinbarung ergeben, informell beizulegen. Wenn die Parteien die Streitigkeit nicht beilegen k\u00f6nnen, wird sie einem verbindlichen Schiedsverfahren nach den damals geltenden Regeln der American Arbitration Association unterzogen. Das Schiedsverfahren findet in Pontevedra, Spanien, statt. Das Schiedsverfahren wird nur auf individueller Basis durchgef\u00fchrt und nicht mit einem anderen Verfahren konsolidiert. Die Entscheidung des\/der Schiedsrichter(s) ist endg\u00fcltig und f\u00fcr alle Parteien bindend.&nbsp;<\/p>\n\n\n\n<p class=\"\">Ungeachtet dieses Streitbeilegungsverfahrens kann jede Partei bei jedem zust\u00e4ndigen Gericht f\u00fcr gerechte Anspr\u00fcche, f\u00fcr die kein angemessener rechtlicher Rechtsbehelf zur Verf\u00fcgung steht, Unterlassungsanspr\u00fcche geltend machen.<\/p>\n\n\n\n<p class=\"\">Solche gerechten Anspr\u00fcche sind weder schiedsrichterlich noch schiedsrichterlich zu beurteilen. Sie erkl\u00e4ren sich damit einverstanden, dass unabh\u00e4ngig von gegenteiligen Gesetzen oder Gesetzen alle Anspr\u00fcche oder Klagegr\u00fcnde, die sich aus oder im Zusammenhang mit Ihrer Nutzung der Website oder der Dienste ergeben, innerhalb eines (1) Jahres nach Entstehung eines solchen Anspruchs oder Klagegrundes eingereicht werden oder f\u00fcr immer ausgeschlossen werden.<\/p>\n\n\n\n<h3 class=\"wp-block-heading\">\u00c4nderungen der Bedingungen<\/h3>\n\n\n\n<p class=\"\">FranScan beh\u00e4lt sich das Recht vor, diese Bedingungen jederzeit zu \u00e4ndern. Wir werden Sie \u00fcber alle \u00c4nderungen informieren, indem wir die neuen Bedingungen auf der Website ver\u00f6ffentlichen. Ihre fortgesetzte Nutzung der Website nach der Ver\u00f6ffentlichung von \u00c4nderungen stellt Ihre Zustimmung zu solchen \u00c4nderungen dar.<\/p>\n\n\n\n<h3 class=\"wp-block-heading\">Kontaktieren Sie uns<\/h3>\n\n\n\n<p class=\"\">Wenn Sie Fragen zu diesen Bedingungen haben, kontaktieren Sie uns bitte unter support@franscan.com.<\/p>\n\n\n\n<p class=\"\">Durch die Nutzung von FranScan.com erkennen Sie an, dass Sie diese Nutzungsbedingungen gelesen, verstanden und akzeptiert haben.<\/p>\n\n\n\n<p class=\"\"><\/p>","protected":false},"excerpt":{"rendered":"<p>Einf\u00fchrung Willkommen bei FranScan.com. FranScan (\u201ewir\u201c, \u201eunser\u201c oder \u201euns\u201c) bietet Ihnen eine Online-Plattform, auf der Sie Franchise-M\u00f6glichkeiten recherchieren, vergleichen und analysieren k\u00f6nnen.\u00a0 Durch die Einrichtung eines Kontos bei uns oder die anderweitige Nutzung unserer Websites, Netzwerke, mobilen Anwendungen oder anderer von uns bereitgestellter Dienste oder Inhalte (zusammen die \u201eDienste\u201c) erkl\u00e4ren Sie sich mit diesen Nutzungsbedingungen einverstanden, [...]<\/p>","protected":false},"author":1,"featured_media":0,"parent":0,"menu_order":0,"comment_status":"closed","ping_status":"closed","template":"","meta":{"nf_dc_page":"","om_disable_all_campaigns":false,"footnotes":""},"class_list":["post-25","page","type-page","status-publish","hentry"],"yoast_head":"<!-- This site is optimized with the Yoast SEO plugin v27.4 - https:\/\/yoast.com\/product\/yoast-seo-wordpress\/ -->\n<title>Terms of Service - FranScan<\/title>\n<meta name=\"robots\" content=\"index, follow, max-snippet:-1, max-image-preview:large, max-video-preview:-1\" \/>\n<link rel=\"canonical\" href=\"https:\/\/franscan.com\/de\/terms-of-service\/\" \/>\n<meta property=\"og:locale\" content=\"de_DE\" \/>\n<meta property=\"og:type\" content=\"article\" \/>\n<meta property=\"og:title\" content=\"Terms of Service - FranScan\" \/>\n<meta property=\"og:description\" content=\"Introduction Welcome to FranScan.com. FranScan (&#8220;we,&#8221; &#8220;our,&#8221; or &#8220;us&#8221;) provides an online platform for you to research, compare, and analyze franchise opportunities.&nbsp; By creating an account with us, or by otherwise using our websites, networks, mobile applications, or other services or content provided by us (collectively, the \u201cServices\u201d), you agree to these Terms of Service, [&hellip;]\" \/>\n<meta property=\"og:url\" content=\"https:\/\/franscan.com\/de\/terms-of-service\/\" \/>\n<meta property=\"og:site_name\" content=\"FranScan\" \/>\n<meta property=\"article:publisher\" content=\"https:\/\/www.facebook.com\/franscanglobal\" \/>\n<meta property=\"article:modified_time\" content=\"2025-11-06T09:39:04+00:00\" \/>\n<meta property=\"og:image\" content=\"https:\/\/i0.wp.com\/franscan.com\/wp-content\/uploads\/2025\/07\/FranScan-Logo-1-Black.png?fit=500%2C500&ssl=1\" \/>\n\t<meta property=\"og:image:width\" content=\"500\" \/>\n\t<meta property=\"og:image:height\" content=\"500\" \/>\n\t<meta property=\"og:image:type\" content=\"image\/png\" \/>\n<meta name=\"twitter:card\" content=\"summary_large_image\" \/>\n<meta name=\"twitter:label1\" content=\"Gesch\u00e4tzte Lesezeit\" \/>\n\t<meta name=\"twitter:data1\" content=\"7\u00a0Minuten\" \/>\n<script type=\"application\/ld+json\" class=\"yoast-schema-graph\">{\"@context\":\"https:\\\/\\\/schema.org\",\"@graph\":[{\"@type\":\"WebPage\",\"@id\":\"https:\\\/\\\/franscan.com\\\/terms-of-service\\\/\",\"url\":\"https:\\\/\\\/franscan.com\\\/terms-of-service\\\/\",\"name\":\"Terms of Service - FranScan\",\"isPartOf\":{\"@id\":\"https:\\\/\\\/franscan.com\\\/#website\"},\"datePublished\":\"2025-11-06T09:39:01+00:00\",\"dateModified\":\"2025-11-06T09:39:04+00:00\",\"breadcrumb\":{\"@id\":\"https:\\\/\\\/franscan.com\\\/terms-of-service\\\/#breadcrumb\"},\"inLanguage\":\"de\",\"potentialAction\":[{\"@type\":\"ReadAction\",\"target\":[\"https:\\\/\\\/franscan.com\\\/terms-of-service\\\/\"]}]},{\"@type\":\"BreadcrumbList\",\"@id\":\"https:\\\/\\\/franscan.com\\\/terms-of-service\\\/#breadcrumb\",\"itemListElement\":[{\"@type\":\"ListItem\",\"position\":1,\"name\":\"Home\",\"item\":\"https:\\\/\\\/franscan.com\\\/\"},{\"@type\":\"ListItem\",\"position\":2,\"name\":\"Terms of Service\"}]},{\"@type\":\"WebSite\",\"@id\":\"https:\\\/\\\/franscan.com\\\/#website\",\"url\":\"https:\\\/\\\/franscan.com\\\/\",\"name\":\"FranScan\",\"description\":\"Explore and compare top franchise business opportunities across Europe and the UK. Find the perfect franchise to grow your entrepreneurial journey with FranScan.\",\"publisher\":{\"@id\":\"https:\\\/\\\/franscan.com\\\/#organization\"},\"potentialAction\":[{\"@type\":\"SearchAction\",\"target\":{\"@type\":\"EntryPoint\",\"urlTemplate\":\"https:\\\/\\\/franscan.com\\\/?s={search_term_string}\"},\"query-input\":{\"@type\":\"PropertyValueSpecification\",\"valueRequired\":true,\"valueName\":\"search_term_string\"}}],\"inLanguage\":\"de\"},{\"@type\":\"Organization\",\"@id\":\"https:\\\/\\\/franscan.com\\\/#organization\",\"name\":\"FranScan\",\"url\":\"https:\\\/\\\/franscan.com\\\/\",\"logo\":{\"@type\":\"ImageObject\",\"inLanguage\":\"de\",\"@id\":\"https:\\\/\\\/franscan.com\\\/#\\\/schema\\\/logo\\\/image\\\/\",\"url\":\"https:\\\/\\\/i0.wp.com\\\/franscan.com\\\/wp-content\\\/uploads\\\/2025\\\/10\\\/FranScan-Logo-1-Black-edited.png?fit=500%2C281&ssl=1\",\"contentUrl\":\"https:\\\/\\\/i0.wp.com\\\/franscan.com\\\/wp-content\\\/uploads\\\/2025\\\/10\\\/FranScan-Logo-1-Black-edited.png?fit=500%2C281&ssl=1\",\"width\":500,\"height\":281,\"caption\":\"FranScan\"},\"image\":{\"@id\":\"https:\\\/\\\/franscan.com\\\/#\\\/schema\\\/logo\\\/image\\\/\"},\"sameAs\":[\"https:\\\/\\\/www.facebook.com\\\/franscanglobal\",\"https:\\\/\\\/www.linkedin.com\\\/company\\\/franscan\\\/\",\"https:\\\/\\\/www.instagram.com\\\/FranScanGlobal\\\/\"]}]}<\/script>\n<!-- \/ Yoast SEO plugin. -->","yoast_head_json":{"title":"Terms of Service - FranScan","robots":{"index":"index","follow":"follow","max-snippet":"max-snippet:-1","max-image-preview":"max-image-preview:large","max-video-preview":"max-video-preview:-1"},"canonical":"https:\/\/franscan.com\/de\/terms-of-service\/","og_locale":"de_DE","og_type":"article","og_title":"Terms of Service - FranScan","og_description":"Introduction Welcome to FranScan.com. FranScan (&#8220;we,&#8221; &#8220;our,&#8221; or &#8220;us&#8221;) provides an online platform for you to research, compare, and analyze franchise opportunities.&nbsp; By creating an account with us, or by otherwise using our websites, networks, mobile applications, or other services or content provided by us (collectively, the \u201cServices\u201d), you agree to these Terms of Service, [&hellip;]","og_url":"https:\/\/franscan.com\/de\/terms-of-service\/","og_site_name":"FranScan","article_publisher":"https:\/\/www.facebook.com\/franscanglobal","article_modified_time":"2025-11-06T09:39:04+00:00","og_image":[{"width":500,"height":500,"url":"https:\/\/i0.wp.com\/franscan.com\/wp-content\/uploads\/2025\/07\/FranScan-Logo-1-Black.png?fit=500%2C500&ssl=1","type":"image\/png"}],"twitter_card":"summary_large_image","twitter_misc":{"Gesch\u00e4tzte Lesezeit":"7\u00a0Minuten"},"schema":{"@context":"https:\/\/schema.org","@graph":[{"@type":"WebPage","@id":"https:\/\/franscan.com\/terms-of-service\/","url":"https:\/\/franscan.com\/terms-of-service\/","name":"Terms of Service - FranScan","isPartOf":{"@id":"https:\/\/franscan.com\/#website"},"datePublished":"2025-11-06T09:39:01+00:00","dateModified":"2025-11-06T09:39:04+00:00","breadcrumb":{"@id":"https:\/\/franscan.com\/terms-of-service\/#breadcrumb"},"inLanguage":"de","potentialAction":[{"@type":"ReadAction","target":["https:\/\/franscan.com\/terms-of-service\/"]}]},{"@type":"BreadcrumbList","@id":"https:\/\/franscan.com\/terms-of-service\/#breadcrumb","itemListElement":[{"@type":"ListItem","position":1,"name":"Home","item":"https:\/\/franscan.com\/"},{"@type":"ListItem","position":2,"name":"Terms of Service"}]},{"@type":"WebSite","@id":"https:\/\/franscan.com\/#website","url":"https:\/\/franscan.com\/","name":"FranScan","description":"Explore and compare top franchise business opportunities across Europe and the UK. Find the perfect franchise to grow your entrepreneurial journey with FranScan.","publisher":{"@id":"https:\/\/franscan.com\/#organization"},"potentialAction":[{"@type":"SearchAction","target":{"@type":"EntryPoint","urlTemplate":"https:\/\/franscan.com\/?s={search_term_string}"},"query-input":{"@type":"PropertyValueSpecification","valueRequired":true,"valueName":"search_term_string"}}],"inLanguage":"de"},{"@type":"Organization","@id":"https:\/\/franscan.com\/#organization","name":"FranScan","url":"https:\/\/franscan.com\/","logo":{"@type":"ImageObject","inLanguage":"de","@id":"https:\/\/franscan.com\/#\/schema\/logo\/image\/","url":"https:\/\/i0.wp.com\/franscan.com\/wp-content\/uploads\/2025\/10\/FranScan-Logo-1-Black-edited.png?fit=500%2C281&ssl=1","contentUrl":"https:\/\/i0.wp.com\/franscan.com\/wp-content\/uploads\/2025\/10\/FranScan-Logo-1-Black-edited.png?fit=500%2C281&ssl=1","width":500,"height":281,"caption":"FranScan"},"image":{"@id":"https:\/\/franscan.com\/#\/schema\/logo\/image\/"},"sameAs":["https:\/\/www.facebook.com\/franscanglobal","https:\/\/www.linkedin.com\/company\/franscan\/","https:\/\/www.instagram.com\/FranScanGlobal\/"]}]}},"jetpack_sharing_enabled":true,"_links":{"self":[{"href":"https:\/\/franscan.com\/de\/wp-json\/wp\/v2\/pages\/25","targetHints":{"allow":["GET"]}}],"collection":[{"href":"https:\/\/franscan.com\/de\/wp-json\/wp\/v2\/pages"}],"about":[{"href":"https:\/\/franscan.com\/de\/wp-json\/wp\/v2\/types\/page"}],"author":[{"embeddable":true,"href":"https:\/\/franscan.com\/de\/wp-json\/wp\/v2\/users\/1"}],"replies":[{"embeddable":true,"href":"https:\/\/franscan.com\/de\/wp-json\/wp\/v2\/comments?post=25"}],"version-history":[{"count":3,"href":"https:\/\/franscan.com\/de\/wp-json\/wp\/v2\/pages\/25\/revisions"}],"predecessor-version":[{"id":172,"href":"https:\/\/franscan.com\/de\/wp-json\/wp\/v2\/pages\/25\/revisions\/172"}],"wp:attachment":[{"href":"https:\/\/franscan.com\/de\/wp-json\/wp\/v2\/media?parent=25"}],"curies":[{"name":"wp","href":"https:\/\/api.w.org\/{rel}","templated":true}]}}