{"id":12,"date":"2025-07-21T15:57:15","date_gmt":"2025-07-21T15:57:15","guid":{"rendered":"https:\/\/lov.cxy.mybluehost.me\/website_5eb5ef21\/contact\/"},"modified":"2026-02-09T10:19:41","modified_gmt":"2026-02-09T10:19:41","slug":"contact","status":"publish","type":"page","link":"https:\/\/franscan.com\/de\/contact\/","title":{"rendered":"Kontakt"},"content":{"rendered":"<div class=\"nfd-container nfd-wb-call-to-action__cta-26 wp-block-group\"><div class=\"wp-block-group__inner-container is-layout-constrained wp-block-group-is-layout-constrained\">\n<div class=\"nfd-rounded-md nfd-overflow-hidden nfd-bg-surface nfd-theme-darker is-style-nfd-theme-darker wp-block-group\"><div class=\"wp-block-group__inner-container is-layout-constrained wp-block-group-is-layout-constrained\">\n<div class=\"nfd-p-0 nfd-bg- wp-block-cover\" style=\"min-height:100px;aspect-ratio:unset;\"><img decoding=\"async\" loading=\"lazy\" class=\"wp-block-cover__image-background\" alt=\"\" src=\"https:\/\/images.unsplash.com\/photo-1720329461027-f34c265b1d91?ixlib=rb-4.0.3&amp;ixid=MnwxMjA3fDB8MHxwaG90by1wYWdlfHx8fGVufDB8fHx8&amp;auto=format&amp;fit=crop&amp;q=80&amp;w=1200&amp;h=&amp;crop=\" data-object-fit=\"cover\"\/><span aria-hidden=\"true\" class=\"wp-block-cover__background has-background-dim-40 has-background-dim wp-block-cover__gradient-background has-background-gradient\" style=\"background:linear-gradient(180deg,rgb(0,0,0) 31%,rgba(0,0,0,0) 100%)\"><\/span><div class=\"wp-block-cover__inner-container is-layout-constrained wp-block-cover-is-layout-constrained\">\n<div class=\"nfd-gap-xl nfd-p-lg is-style-nfd-theme-white wp-block-group is-content-justification-center is-layout-flex wp-container-core-group-is-layout-64b26803 wp-block-group-is-layout-flex\">\n<div class=\"nfd-gap-xl wp-block-group is-vertical is-content-justification-center is-layout-flex wp-container-core-group-is-layout-73a99bce wp-block-group-is-layout-flex\">\n<h2 class=\"nfd-text-xl nfd-text-contrast nfd-text-balance wp-block-heading has-text-align-center\">Starten Sie Ihre Franchise-Reise noch heute!<\/h2>\n\n\n\n<p class=\"nfd-text-faded nfd-text-md nfd-text-balance has-text-align-center\">Verbinden Sie sich mit uns, um spannende Franchise-M\u00f6glichkeiten in ganz Europa und Gro\u00dfbritannien zu erkunden.<\/p>\n\n\n\n<div class=\"nfd-text-md wp-block-buttons is-content-justification-left is-layout-flex wp-container-core-buttons-is-layout-fdcfc74e wp-block-buttons-is-layout-flex\">\n<div class=\"nfd-btn-xl  wp-block-button\"><a class=\"wp-block-button__link wp-element-button\" href=\"mailto:silvia@franscan.com\">Jetzt in Kontakt treten<\/a><\/div>\n<\/div>\n<\/div>\n<\/div>\n<\/div><\/div>\n<\/div><\/div>\n<\/div><\/div>\n\n\n\n<div class=\"nfd-container nfd-wb-text__text-28 wp-block-group is-vertical is-content-justification-center is-layout-flex wp-container-core-group-is-layout-4b2eccd6 wp-block-group-is-layout-flex\">\n<div class=\"nfd-max-w-prose wp-block-group\"><div class=\"wp-block-group__inner-container is-layout-constrained wp-block-group-is-layout-constrained\">\n<h2 class=\"nfd-text-lg nfd-text-contrast wp-block-heading has-text-align-center\">Kontaktieren Sie uns f\u00fcr Franchise-Anfragen<\/h2>\n\n\n\n<div style=\"height:8px\" aria-hidden=\"true\" class=\"wp-block-spacer\"><\/div>\n\n\n\n<div class=\"nfd-gap-2xl nfd-text-md wp-block-group is-vertical is-content-justification-stretch is-layout-flex wp-container-core-group-is-layout-b16ad781 wp-block-group-is-layout-flex\">\n<div class=\"nfd-gap-lg nfd-px-sm nfd-bg-surface nfd-theme-white is-style-nfd-theme-white wp-block-group is-nowrap is-layout-flex wp-container-core-group-is-layout-64989fb1 wp-block-group-is-layout-flex\">\n<div class=\"nfd-rounded-full nfd-p-2 nfd-shrink-0 nfd-bg-surface nfd-theme-dark is-style-nfd-theme-dark wp-block-group wp-container-content-2cb1e7d4 is-vertical is-content-justification-center is-layout-flex wp-container-core-group-is-layout-73a99bce wp-block-group-is-layout-flex\" style=\"min-height:32px\">\n<p class=\"nfd-text-contrast\" style=\"font-style:normal;font-weight:500;line-height:0;text-transform:uppercase\">1<\/p>\n<\/div>\n\n\n\n<div class=\"nfd-gap-sm wp-block-group wp-container-content-9cfa9a5a is-content-justification-space-between is-layout-flex wp-container-core-group-is-layout-e3bc7287 wp-block-group-is-layout-flex\">\n<p class=\"has-text-align-center\">Um Ihre Reise mit FranScan zu beginnen, f\u00fcllen Sie unser Lead-Capture-Formular mit Ihren Daten aus. Dies wird uns helfen, Ihre Franchise-Interessen zu verstehen und Sie mit den richtigen M\u00f6glichkeiten zu verbinden.<\/p>\n<\/div>\n<\/div>\n\n\n\n<div class=\"nfd-gap-lg nfd-px-sm nfd-bg-surface nfd-theme-white is-style-nfd-theme-white wp-block-group is-nowrap is-layout-flex wp-container-core-group-is-layout-64989fb1 wp-block-group-is-layout-flex\">\n<div class=\"nfd-rounded-full nfd-p-2 nfd-shrink-0 nfd-bg-surface nfd-theme-dark is-style-nfd-theme-dark wp-block-group wp-container-content-2cb1e7d4 is-vertical is-content-justification-center is-layout-flex wp-container-core-group-is-layout-73a99bce wp-block-group-is-layout-flex\" style=\"min-height:32px\">\n<p class=\"nfd-text-contrast\" style=\"font-style:normal;font-weight:500;line-height:0;text-transform:uppercase\">2<\/p>\n<\/div>\n\n\n\n<div class=\"nfd-gap-sm wp-block-group wp-container-content-9cfa9a5a is-content-justification-space-between is-layout-flex wp-container-core-group-is-layout-e3bc7287 wp-block-group-is-layout-flex\">\n<p class=\"has-text-align-center\">Sobald Ihr Formular abgeschickt wurde, wird unser Team Ihre Anfrage pr\u00fcfen und sich umgehend mit Ihnen in Verbindung setzen. Erwarten Sie eine personalisierte Antwort, die auf Ihre Franchise-Bed\u00fcrfnisse zugeschnitten ist.<\/p>\n<\/div>\n<\/div>\n\n\n\n<div class=\"nfd-gap-lg nfd-px-sm nfd-bg-surface nfd-theme-white is-style-nfd-theme-white wp-block-group is-nowrap is-layout-flex wp-container-core-group-is-layout-64989fb1 wp-block-group-is-layout-flex\">\n<div class=\"nfd-rounded-full nfd-p-2 nfd-shrink-0 nfd-bg-surface nfd-theme-dark is-style-nfd-theme-dark wp-block-group wp-container-content-2cb1e7d4 is-vertical is-content-justification-center is-layout-flex wp-container-core-group-is-layout-73a99bce wp-block-group-is-layout-flex\" style=\"min-height:32px\">\n<p class=\"nfd-text-contrast\" style=\"font-style:normal;font-weight:500;line-height:0;text-transform:uppercase\">3<\/p>\n<\/div>\n\n\n\n<div class=\"nfd-gap-sm wp-block-group wp-container-content-9cfa9a5a is-content-justification-space-between is-layout-flex wp-container-core-group-is-layout-e3bc7287 wp-block-group-is-layout-flex\">\n<p class=\"has-text-align-center\">Wir stellen Ihnen eine kuratierte Liste von Franchise-Optionen zur Verf\u00fcgung, die Ihren Kriterien entsprechen, einschlie\u00dflich Investitionsniveaus und Branchenpr\u00e4ferenzen, um Ihnen zu helfen, eine fundierte Entscheidung zu treffen.<\/p>\n<\/div>\n<\/div>\n\n\n\n<div class=\"nfd-gap-lg nfd-px-sm nfd-bg-surface nfd-theme-white is-style-nfd-theme-white wp-block-group is-nowrap is-layout-flex wp-container-core-group-is-layout-64989fb1 wp-block-group-is-layout-flex\">\n<div class=\"nfd-rounded-full nfd-p-2 nfd-shrink-0 nfd-bg-surface nfd-theme-dark is-style-nfd-theme-dark wp-block-group wp-container-content-2cb1e7d4 is-vertical is-content-justification-center is-layout-flex wp-container-core-group-is-layout-73a99bce wp-block-group-is-layout-flex\" style=\"min-height:32px\">\n<p class=\"nfd-text-contrast\" style=\"font-style:normal;font-weight:500;line-height:0;text-transform:uppercase\">4<\/p>\n<\/div>\n\n\n\n<div class=\"nfd-gap-sm wp-block-group wp-container-content-9cfa9a5a is-content-justification-space-between is-layout-flex wp-container-core-group-is-layout-e3bc7287 wp-block-group-is-layout-flex\">\n<p class=\"has-text-align-center\">Sie erhalten zus\u00e4tzliche Ressourcen und Einblicke in den Franchise-Markt, einschlie\u00dflich Tipps zur Auswahl des richtigen Franchise und Erfolgsgeschichten von anderen Unternehmern.<\/p>\n<\/div>\n<\/div>\n\n\n\n<div class=\"nfd-gap-lg nfd-px-sm nfd-bg-surface nfd-theme-white is-style-nfd-theme-white wp-block-group is-nowrap is-layout-flex wp-container-core-group-is-layout-64989fb1 wp-block-group-is-layout-flex\">\n<div class=\"nfd-rounded-full nfd-p-2 nfd-shrink-0 nfd-bg-surface nfd-theme-dark is-style-nfd-theme-dark wp-block-group wp-container-content-2cb1e7d4 is-vertical is-content-justification-center is-layout-flex wp-container-core-group-is-layout-73a99bce wp-block-group-is-layout-flex\" style=\"min-height:32px\">\n<p class=\"nfd-text-contrast\" style=\"font-style:normal;font-weight:500;line-height:0;text-transform:uppercase\">5<\/p>\n<\/div>\n\n\n\n<div class=\"nfd-gap-sm wp-block-group wp-container-content-9cfa9a5a is-content-justification-space-between is-layout-flex wp-container-core-group-is-layout-e3bc7287 wp-block-group-is-layout-flex\">\n<p class=\"has-text-align-center\">Schlie\u00dflich helfen wir Ihnen, sich direkt mit den Franchisegebern in Verbindung zu setzen, an denen Sie interessiert sind, und stellen sicher, dass Sie alle Unterst\u00fctzung haben, die Sie ben\u00f6tigen, um Ihre Reise zu beginnen.<\/p>\n<\/div>\n<\/div>\n<\/div>\n<\/div><\/div>\n<\/div>\n\n\n\n<p class=\"\"><\/p>","protected":false},"excerpt":{"rendered":"<p>Kontaktieren Sie uns f\u00fcr Franchise-Anfragen 1 Um Ihre Reise mit FranScan zu beginnen, f\u00fcllen Sie unser Lead-Capture-Formular mit Ihren Daten aus. Dies wird uns helfen, Ihre Franchise-Interessen zu verstehen und Sie mit den richtigen M\u00f6glichkeiten zu verbinden. 2 Sobald Ihr Formular eingereicht wurde, wird unser Team Ihre Anfrage pr\u00fcfen und sich umgehend mit Ihnen in Verbindung setzen. Erwarten Sie [...]<\/p>","protected":false},"author":1,"featured_media":0,"parent":0,"menu_order":0,"comment_status":"closed","ping_status":"closed","template":"","meta":{"nf_dc_page":"contact","om_disable_all_campaigns":false,"footnotes":""},"class_list":["post-12","page","type-page","status-publish","hentry"],"yoast_head":"<!-- This site is optimized with the Yoast SEO plugin v27.4 - https:\/\/yoast.com\/product\/yoast-seo-wordpress\/ -->\n<title>Contact - FranScan<\/title>\n<meta name=\"robots\" content=\"index, follow, max-snippet:-1, max-image-preview:large, max-video-preview:-1\" \/>\n<link rel=\"canonical\" href=\"https:\/\/franscan.com\/de\/contact\/\" \/>\n<meta property=\"og:locale\" content=\"de_DE\" \/>\n<meta property=\"og:type\" content=\"article\" \/>\n<meta property=\"og:title\" content=\"Contact - FranScan\" \/>\n<meta property=\"og:description\" content=\"Contact Us for Franchise Inquiries 1 To initiate your journey with FranScan, fill out our lead capture form with your details. This will help us understand your franchise interests and connect you with the right opportunities. 2 Once your form is submitted, our team will review your inquiry and reach out to you promptly. Expect [&hellip;]\" \/>\n<meta property=\"og:url\" content=\"https:\/\/franscan.com\/de\/contact\/\" \/>\n<meta property=\"og:site_name\" content=\"FranScan\" \/>\n<meta property=\"article:publisher\" content=\"https:\/\/www.facebook.com\/franscanglobal\" \/>\n<meta property=\"article:modified_time\" content=\"2026-02-09T10:19:41+00:00\" \/>\n<meta property=\"og:image\" content=\"https:\/\/images.unsplash.com\/photo-1720329461027-f34c265b1d91?ixlib=rb-4.0.3&amp;ixid=MnwxMjA3fDB8MHxwaG90by1wYWdlfHx8fGVufDB8fHx8&amp;auto=format&amp;fit=crop&amp;q=80&amp;w=1200&amp;h=&amp;crop=\" \/>\n<meta name=\"twitter:card\" content=\"summary_large_image\" \/>\n<meta name=\"twitter:label1\" content=\"Gesch\u00e4tzte Lesezeit\" \/>\n\t<meta name=\"twitter:data1\" content=\"1\u00a0Minute\" \/>\n<script type=\"application\/ld+json\" class=\"yoast-schema-graph\">{\"@context\":\"https:\\\/\\\/schema.org\",\"@graph\":[{\"@type\":\"WebPage\",\"@id\":\"https:\\\/\\\/franscan.com\\\/contact\\\/\",\"url\":\"https:\\\/\\\/franscan.com\\\/contact\\\/\",\"name\":\"Contact - FranScan\",\"isPartOf\":{\"@id\":\"https:\\\/\\\/franscan.com\\\/#website\"},\"primaryImageOfPage\":{\"@id\":\"https:\\\/\\\/franscan.com\\\/contact\\\/#primaryimage\"},\"image\":{\"@id\":\"https:\\\/\\\/franscan.com\\\/contact\\\/#primaryimage\"},\"thumbnailUrl\":\"https:\\\/\\\/images.unsplash.com\\\/photo-1720329461027-f34c265b1d91?ixlib=rb-4.0.3&amp;ixid=MnwxMjA3fDB8MHxwaG90by1wYWdlfHx8fGVufDB8fHx8&amp;auto=format&amp;fit=crop&amp;q=80&amp;w=1200&amp;h=&amp;crop=\",\"datePublished\":\"2025-07-21T15:57:15+00:00\",\"dateModified\":\"2026-02-09T10:19:41+00:00\",\"breadcrumb\":{\"@id\":\"https:\\\/\\\/franscan.com\\\/contact\\\/#breadcrumb\"},\"inLanguage\":\"de\",\"potentialAction\":[{\"@type\":\"ReadAction\",\"target\":[\"https:\\\/\\\/franscan.com\\\/contact\\\/\"]}]},{\"@type\":\"ImageObject\",\"inLanguage\":\"de\",\"@id\":\"https:\\\/\\\/franscan.com\\\/contact\\\/#primaryimage\",\"url\":\"https:\\\/\\\/images.unsplash.com\\\/photo-1720329461027-f34c265b1d91?ixlib=rb-4.0.3&amp;ixid=MnwxMjA3fDB8MHxwaG90by1wYWdlfHx8fGVufDB8fHx8&amp;auto=format&amp;fit=crop&amp;q=80&amp;w=1200&amp;h=&amp;crop=\",\"contentUrl\":\"https:\\\/\\\/images.unsplash.com\\\/photo-1720329461027-f34c265b1d91?ixlib=rb-4.0.3&amp;ixid=MnwxMjA3fDB8MHxwaG90by1wYWdlfHx8fGVufDB8fHx8&amp;auto=format&amp;fit=crop&amp;q=80&amp;w=1200&amp;h=&amp;crop=\"},{\"@type\":\"BreadcrumbList\",\"@id\":\"https:\\\/\\\/franscan.com\\\/contact\\\/#breadcrumb\",\"itemListElement\":[{\"@type\":\"ListItem\",\"position\":1,\"name\":\"Home\",\"item\":\"https:\\\/\\\/franscan.com\\\/\"},{\"@type\":\"ListItem\",\"position\":2,\"name\":\"Contact\"}]},{\"@type\":\"WebSite\",\"@id\":\"https:\\\/\\\/franscan.com\\\/#website\",\"url\":\"https:\\\/\\\/franscan.com\\\/\",\"name\":\"FranScan\",\"description\":\"Explore and compare top franchise business opportunities across Europe and the UK. Find the perfect franchise to grow your entrepreneurial journey with FranScan.\",\"publisher\":{\"@id\":\"https:\\\/\\\/franscan.com\\\/#organization\"},\"potentialAction\":[{\"@type\":\"SearchAction\",\"target\":{\"@type\":\"EntryPoint\",\"urlTemplate\":\"https:\\\/\\\/franscan.com\\\/?s={search_term_string}\"},\"query-input\":{\"@type\":\"PropertyValueSpecification\",\"valueRequired\":true,\"valueName\":\"search_term_string\"}}],\"inLanguage\":\"de\"},{\"@type\":\"Organization\",\"@id\":\"https:\\\/\\\/franscan.com\\\/#organization\",\"name\":\"FranScan\",\"url\":\"https:\\\/\\\/franscan.com\\\/\",\"logo\":{\"@type\":\"ImageObject\",\"inLanguage\":\"de\",\"@id\":\"https:\\\/\\\/franscan.com\\\/#\\\/schema\\\/logo\\\/image\\\/\",\"url\":\"https:\\\/\\\/i0.wp.com\\\/franscan.com\\\/wp-content\\\/uploads\\\/2025\\\/10\\\/FranScan-Logo-1-Black-edited.png?fit=500%2C281&ssl=1\",\"contentUrl\":\"https:\\\/\\\/i0.wp.com\\\/franscan.com\\\/wp-content\\\/uploads\\\/2025\\\/10\\\/FranScan-Logo-1-Black-edited.png?fit=500%2C281&ssl=1\",\"width\":500,\"height\":281,\"caption\":\"FranScan\"},\"image\":{\"@id\":\"https:\\\/\\\/franscan.com\\\/#\\\/schema\\\/logo\\\/image\\\/\"},\"sameAs\":[\"https:\\\/\\\/www.facebook.com\\\/franscanglobal\",\"https:\\\/\\\/www.linkedin.com\\\/company\\\/franscan\\\/\",\"https:\\\/\\\/www.instagram.com\\\/FranScanGlobal\\\/\"]}]}<\/script>\n<!-- \/ Yoast SEO plugin. -->","yoast_head_json":{"title":"Contact - FranScan","robots":{"index":"index","follow":"follow","max-snippet":"max-snippet:-1","max-image-preview":"max-image-preview:large","max-video-preview":"max-video-preview:-1"},"canonical":"https:\/\/franscan.com\/de\/contact\/","og_locale":"de_DE","og_type":"article","og_title":"Contact - FranScan","og_description":"Contact Us for Franchise Inquiries 1 To initiate your journey with FranScan, fill out our lead capture form with your details. This will help us understand your franchise interests and connect you with the right opportunities. 2 Once your form is submitted, our team will review your inquiry and reach out to you promptly. Expect [&hellip;]","og_url":"https:\/\/franscan.com\/de\/contact\/","og_site_name":"FranScan","article_publisher":"https:\/\/www.facebook.com\/franscanglobal","article_modified_time":"2026-02-09T10:19:41+00:00","og_image":[{"url":"https:\/\/images.unsplash.com\/photo-1720329461027-f34c265b1d91?ixlib=rb-4.0.3&amp;ixid=MnwxMjA3fDB8MHxwaG90by1wYWdlfHx8fGVufDB8fHx8&amp;auto=format&amp;fit=crop&amp;q=80&amp;w=1200&amp;h=&amp;crop=","type":"","width":"","height":""}],"twitter_card":"summary_large_image","twitter_misc":{"Gesch\u00e4tzte Lesezeit":"1\u00a0Minute"},"schema":{"@context":"https:\/\/schema.org","@graph":[{"@type":"WebPage","@id":"https:\/\/franscan.com\/contact\/","url":"https:\/\/franscan.com\/contact\/","name":"Contact - FranScan","isPartOf":{"@id":"https:\/\/franscan.com\/#website"},"primaryImageOfPage":{"@id":"https:\/\/franscan.com\/contact\/#primaryimage"},"image":{"@id":"https:\/\/franscan.com\/contact\/#primaryimage"},"thumbnailUrl":"https:\/\/images.unsplash.com\/photo-1720329461027-f34c265b1d91?ixlib=rb-4.0.3&amp;ixid=MnwxMjA3fDB8MHxwaG90by1wYWdlfHx8fGVufDB8fHx8&amp;auto=format&amp;fit=crop&amp;q=80&amp;w=1200&amp;h=&amp;crop=","datePublished":"2025-07-21T15:57:15+00:00","dateModified":"2026-02-09T10:19:41+00:00","breadcrumb":{"@id":"https:\/\/franscan.com\/contact\/#breadcrumb"},"inLanguage":"de","potentialAction":[{"@type":"ReadAction","target":["https:\/\/franscan.com\/contact\/"]}]},{"@type":"ImageObject","inLanguage":"de","@id":"https:\/\/franscan.com\/contact\/#primaryimage","url":"https:\/\/images.unsplash.com\/photo-1720329461027-f34c265b1d91?ixlib=rb-4.0.3&amp;ixid=MnwxMjA3fDB8MHxwaG90by1wYWdlfHx8fGVufDB8fHx8&amp;auto=format&amp;fit=crop&amp;q=80&amp;w=1200&amp;h=&amp;crop=","contentUrl":"https:\/\/images.unsplash.com\/photo-1720329461027-f34c265b1d91?ixlib=rb-4.0.3&amp;ixid=MnwxMjA3fDB8MHxwaG90by1wYWdlfHx8fGVufDB8fHx8&amp;auto=format&amp;fit=crop&amp;q=80&amp;w=1200&amp;h=&amp;crop="},{"@type":"BreadcrumbList","@id":"https:\/\/franscan.com\/contact\/#breadcrumb","itemListElement":[{"@type":"ListItem","position":1,"name":"Home","item":"https:\/\/franscan.com\/"},{"@type":"ListItem","position":2,"name":"Contact"}]},{"@type":"WebSite","@id":"https:\/\/franscan.com\/#website","url":"https:\/\/franscan.com\/","name":"FranScan","description":"Explore and compare top franchise business opportunities across Europe and the UK. Find the perfect franchise to grow your entrepreneurial journey with FranScan.","publisher":{"@id":"https:\/\/franscan.com\/#organization"},"potentialAction":[{"@type":"SearchAction","target":{"@type":"EntryPoint","urlTemplate":"https:\/\/franscan.com\/?s={search_term_string}"},"query-input":{"@type":"PropertyValueSpecification","valueRequired":true,"valueName":"search_term_string"}}],"inLanguage":"de"},{"@type":"Organization","@id":"https:\/\/franscan.com\/#organization","name":"FranScan","url":"https:\/\/franscan.com\/","logo":{"@type":"ImageObject","inLanguage":"de","@id":"https:\/\/franscan.com\/#\/schema\/logo\/image\/","url":"https:\/\/i0.wp.com\/franscan.com\/wp-content\/uploads\/2025\/10\/FranScan-Logo-1-Black-edited.png?fit=500%2C281&ssl=1","contentUrl":"https:\/\/i0.wp.com\/franscan.com\/wp-content\/uploads\/2025\/10\/FranScan-Logo-1-Black-edited.png?fit=500%2C281&ssl=1","width":500,"height":281,"caption":"FranScan"},"image":{"@id":"https:\/\/franscan.com\/#\/schema\/logo\/image\/"},"sameAs":["https:\/\/www.facebook.com\/franscanglobal","https:\/\/www.linkedin.com\/company\/franscan\/","https:\/\/www.instagram.com\/FranScanGlobal\/"]}]}},"jetpack_sharing_enabled":true,"_links":{"self":[{"href":"https:\/\/franscan.com\/de\/wp-json\/wp\/v2\/pages\/12","targetHints":{"allow":["GET"]}}],"collection":[{"href":"https:\/\/franscan.com\/de\/wp-json\/wp\/v2\/pages"}],"about":[{"href":"https:\/\/franscan.com\/de\/wp-json\/wp\/v2\/types\/page"}],"author":[{"embeddable":true,"href":"https:\/\/franscan.com\/de\/wp-json\/wp\/v2\/users\/1"}],"replies":[{"embeddable":true,"href":"https:\/\/franscan.com\/de\/wp-json\/wp\/v2\/comments?post=12"}],"version-history":[{"count":4,"href":"https:\/\/franscan.com\/de\/wp-json\/wp\/v2\/pages\/12\/revisions"}],"predecessor-version":[{"id":1053,"href":"https:\/\/franscan.com\/de\/wp-json\/wp\/v2\/pages\/12\/revisions\/1053"}],"wp:attachment":[{"href":"https:\/\/franscan.com\/de\/wp-json\/wp\/v2\/media?parent=12"}],"curies":[{"name":"wp","href":"https:\/\/api.w.org\/{rel}","templated":true}]}}